{"id":812,"date":"2015-01-20T14:43:26","date_gmt":"2015-01-20T13:43:26","guid":{"rendered":"http:\/\/100mostow.pl\/en\/?page_id=812"},"modified":"2025-06-25T14:43:53","modified_gmt":"2025-06-25T12:43:53","slug":"pub","status":"publish","type":"page","link":"https:\/\/100mostow.pl\/en\/pub\/","title":{"rendered":"Pub\/ Taproom"},"content":{"rendered":"<h3><a href=\"https:\/\/100mostow.pl\/taproom-menu-eng\/\">TAPROOM MENU<\/a><\/h3>\n<h3><a href=\"https:\/\/100mostow.pl\/menu-concept-eng\/\"><strong>CONCEPT MENU<\/strong><\/a><\/h3>\n<h3><a href=\"https:\/\/100mostow.pl\/menu-patio-eng\/\"><strong>PATIO MENU<\/strong><\/a><\/h3>\n<p>&nbsp;<\/p>\n<p>&nbsp;<\/p>\n<p>Order via: <a href=\"https:\/\/www.sklep.100mostow.pl\/\"><strong>https:\/\/www.sklep.100mostow.pl\/<\/strong><\/a> or in Browar Stu Most\u00f3w Shop #d\u0142ugosza2<\/p>\n<h3><\/h3>\n<h3>PIWNE MOSTY<\/h3>\n<p>In the offer you will find dishes from the regular Shop menu, products from local suppliers, shortened pub menu and selected beers brewed in Browar Stu Most\u00f3w. Their full offer can be found on the <a href=\"https:\/\/www.facebook.com\/PiwneMosty\">Piwne Mosty<\/a> e-shop website:<\/p>\n<p><a href=\"https:\/\/www.piwnemosty.pl\/firm-pol-1592395840-Browar-Stu-Mostow.html\"><strong>www.piwnemosty.pl <\/strong><\/a><\/p>\n<p>&nbsp;<\/p>\n<p>If you have any questions or problems with the order in delivery &#8211; call us directly on the number: 531 786 116<\/p>\n<p>Please follow the guidelines during the stationar visits at #D\u0142ugosza2 Street, take care of each other and see you soon!<\/p>\n<p>&nbsp;<\/p>\n<p>&nbsp;<\/p>\n<p>&nbsp;<\/p>\n            <\/div>\n        <\/section>\n    <\/div>\n\n    <div class=\"page-separator\" style=\"background-image: url('https:\/\/100mostow.pl\/en\/wp-content\/uploads\/sites\/2\/2015\/01\/szerokie-1.jpg');\"><\/div>\n\n    <div class=\"wrapper\">\n        <section class=\"main\">\n            <section class=\"page-gallery\">\n                <div class=\"col\"><img decoding=\"async\" src=\"https:\/\/100mostow.pl\/en\/wp-content\/uploads\/sites\/2\/2015\/01\/duze-1.jpg\" alt=\"\"><\/div>\n                <div class=\"col\"><img decoding=\"async\" src=\"https:\/\/100mostow.pl\/en\/wp-content\/uploads\/sites\/2\/2015\/01\/male-1.jpg\" alt=\"\"><\/div>\n            <\/section>\n            <div class=\"clearfix\"><\/div>\n            <div class=\"content\">\n<p>&nbsp;<\/p>\n<p>The pub on D\u0142ugosza Street is without equal in Poland. A brewery of this size with an open pub is a unique solution. Although the trend for adapting industrial interior for the purpose of opening breweries, pubs and multitaps has already been set, it is the first place that has combined them all into one whole. And on what a scale! In effect, WRCLW has gained a competitive edge. The pub is the best place in Poland to show differences between craft and commercial beer production. Whereas Wroc\u0142aw has gained a landmark reflecting the city\u2019s identity. Beer has always been an essential part of everyday life of people living in Wroc\u0142aw. The city has been developing because people want to gather together. What we\u2019ve always valued is human interaction and the revival it brings. For this reason we\u2019ve been opening meeting points brewing the best beer in Poland.<\/p>\n<p>The innovative interior of the brewery reflects the mission of Browar Stu Most\u00f3w \u2013 combining tradition and modernity, genuine beer and genuine life. We open every day at noon; the brewing process is open for visitors.<\/p>\n<p>&#8212;<\/p>\n<p>Our space has unconventional design. There is a beer drinking area on the steps, with tables for beer mugs only, that brings to mind a theatre auditorium from where guests can observe the stage: open kitchen, bar and guests sitting at tables. There is also the comfort zone with colourful reclining armchairs inviting you to stretch and relax.<\/p>\n<p>The space has been filled with original tables, the Masters brand chairs by Kartell and custom designed chairs made of solid nut tree. In the very heart of the pub there is a three-meter long table with unique barstools. The counter is made of galvanized sheets decorated with copper rivets. Some d\u00e9cor elements such as galvanized sheets or glass texture over the bar have been inspired by beer brewing process while others bring to mind a cosy room. Hand-knitted pillows against industrial interior make for an avant-garde design. The pub is located at a mezzanine level from where the production process of craft beer can be admired.<\/p>\n<p>The interior design has been prepared by Studio Projektowania Wn\u0119trz Q under the supervision of Ma\u0142gorzata Krzemi\u0144ska, a visual artist, and El\u017cbieta Wachowiak, an architect. They talent and commitment have filled this space with ambience welcoming to beer aficionados and everyone who shares the passion for what craft beer is based on i.e. social life and high quality.<\/p>\n<p>&nbsp;<\/p>\n\n            <style type='text\/css'>\n                #gallery-1 {\n                    margin: auto;\n                }\n                #gallery-1 .gallery-item {\n                    float: left;\n                    margin-top: 5px;\n                    text-align: center;\n                    width: 110px;           }\n                #gallery-1 img {\n                    border: 2px solid #cfcfcf;\n                }\n                #gallery-1 .gallery-caption {\n                    margin-left: 0;\n                }\n            <\/style>\n            <!-- see gallery_shortcode() in wp-includes\/media.php -->\n            <div id='gallery-1' class='gallery galleryid-812'><dl class='gallery-item'>\n                <dt class='gallery-icon'>\n                    <a href=\"https:\/\/100mostow.pl\/en\/wp-content\/uploads\/sites\/2\/2015\/01\/MG_9002.jpg\" rel=\"lightbox[812]\"><img decoding=\"async\" src=\"https:\/\/100mostow.pl\/en\/wp-content\/uploads\/sites\/2\/2015\/01\/MG_9002-100x100.jpg\" width=\"100\" height=\"100\" \/><\/a>\n                <\/dt><\/dl><dl class='gallery-item'>\n                <dt class='gallery-icon'>\n                    <a href=\"https:\/\/100mostow.pl\/en\/wp-content\/uploads\/sites\/2\/2015\/01\/MG_9005.jpg\" rel=\"lightbox[812]\"><img decoding=\"async\" src=\"https:\/\/100mostow.pl\/en\/wp-content\/uploads\/sites\/2\/2015\/01\/MG_9005-100x100.jpg\" width=\"100\" height=\"100\" \/><\/a>\n                <\/dt><\/dl><dl class='gallery-item'>\n                <dt class='gallery-icon'>\n                    <a href=\"https:\/\/100mostow.pl\/en\/wp-content\/uploads\/sites\/2\/2015\/01\/MG_9008.jpg\" rel=\"lightbox[812]\"><img decoding=\"async\" src=\"https:\/\/100mostow.pl\/en\/wp-content\/uploads\/sites\/2\/2015\/01\/MG_9008-100x100.jpg\" width=\"100\" height=\"100\" \/><\/a>\n                <\/dt><\/dl><dl class='gallery-item'>\n                <dt class='gallery-icon'>\n                    <a href=\"https:\/\/100mostow.pl\/en\/wp-content\/uploads\/sites\/2\/2015\/01\/MG_9010.jpg\" rel=\"lightbox[812]\"><img loading=\"lazy\" decoding=\"async\" src=\"https:\/\/100mostow.pl\/en\/wp-content\/uploads\/sites\/2\/2015\/01\/MG_9010-100x100.jpg\" width=\"100\" height=\"100\" \/><\/a>\n                <\/dt><\/dl><dl class='gallery-item'>\n                <dt class='gallery-icon'>\n                    <a href=\"https:\/\/100mostow.pl\/en\/wp-content\/uploads\/sites\/2\/2015\/01\/MG_9016.jpg\" rel=\"lightbox[812]\"><img loading=\"lazy\" decoding=\"async\" src=\"https:\/\/100mostow.pl\/en\/wp-content\/uploads\/sites\/2\/2015\/01\/MG_9016-100x100.jpg\" width=\"100\" height=\"100\" \/><\/a>\n                <\/dt><\/dl><dl class='gallery-item'>\n                <dt class='gallery-icon'>\n                    <a href=\"https:\/\/100mostow.pl\/en\/wp-content\/uploads\/sites\/2\/2015\/01\/MG_9023.jpg\" rel=\"lightbox[812]\"><img loading=\"lazy\" decoding=\"async\" src=\"https:\/\/100mostow.pl\/en\/wp-content\/uploads\/sites\/2\/2015\/01\/MG_9023-100x100.jpg\" width=\"100\" height=\"100\" \/><\/a>\n                <\/dt><\/dl><dl class='gallery-item'>\n                <dt class='gallery-icon'>\n                    <a href=\"https:\/\/100mostow.pl\/en\/wp-content\/uploads\/sites\/2\/2015\/01\/MG_9027.jpg\" rel=\"lightbox[812]\"><img loading=\"lazy\" decoding=\"async\" src=\"https:\/\/100mostow.pl\/en\/wp-content\/uploads\/sites\/2\/2015\/01\/MG_9027-100x100.jpg\" width=\"100\" height=\"100\" \/><\/a>\n                <\/dt><\/dl><dl class='gallery-item'>\n                <dt class='gallery-icon'>\n                    <a href=\"https:\/\/100mostow.pl\/en\/wp-content\/uploads\/sites\/2\/2015\/01\/MG_9034.jpg\" rel=\"lightbox[812]\"><img loading=\"lazy\" decoding=\"async\" src=\"https:\/\/100mostow.pl\/en\/wp-content\/uploads\/sites\/2\/2015\/01\/MG_9034-100x100.jpg\" width=\"100\" height=\"100\" \/><\/a>\n                <\/dt><\/dl><br style=\"clear: both\" \/><dl class='gallery-item'>\n                <dt class='gallery-icon'>\n                    <a href=\"https:\/\/100mostow.pl\/en\/wp-content\/uploads\/sites\/2\/2015\/01\/MG_9037.jpg\" rel=\"lightbox[812]\"><img loading=\"lazy\" decoding=\"async\" src=\"https:\/\/100mostow.pl\/en\/wp-content\/uploads\/sites\/2\/2015\/01\/MG_9037-100x100.jpg\" width=\"100\" height=\"100\" \/><\/a>\n                <\/dt><\/dl><dl class='gallery-item'>\n                <dt class='gallery-icon'>\n                    <a href=\"https:\/\/100mostow.pl\/en\/wp-content\/uploads\/sites\/2\/2015\/01\/MG_9038-682x1024.jpg\" rel=\"lightbox[812]\"><img loading=\"lazy\" decoding=\"async\" src=\"https:\/\/100mostow.pl\/en\/wp-content\/uploads\/sites\/2\/2015\/01\/MG_9038-100x100.jpg\" width=\"100\" height=\"100\" \/><\/a>\n                <\/dt><\/dl><dl class='gallery-item'>\n                <dt class='gallery-icon'>\n                    <a href=\"https:\/\/100mostow.pl\/en\/wp-content\/uploads\/sites\/2\/2015\/01\/MG_9045.jpg\" rel=\"lightbox[812]\"><img loading=\"lazy\" decoding=\"async\" src=\"https:\/\/100mostow.pl\/en\/wp-content\/uploads\/sites\/2\/2015\/01\/MG_9045-100x100.jpg\" width=\"100\" height=\"100\" \/><\/a>\n                <\/dt><\/dl><dl class='gallery-item'>\n                <dt class='gallery-icon'>\n                    <a href=\"https:\/\/100mostow.pl\/en\/wp-content\/uploads\/sites\/2\/2015\/01\/MG_9047.jpg\" rel=\"lightbox[812]\"><img loading=\"lazy\" decoding=\"async\" src=\"https:\/\/100mostow.pl\/en\/wp-content\/uploads\/sites\/2\/2015\/01\/MG_9047-100x100.jpg\" width=\"100\" height=\"100\" \/><\/a>\n                <\/dt><\/dl><dl class='gallery-item'>\n                <dt class='gallery-icon'>\n                    <a href=\"https:\/\/100mostow.pl\/en\/wp-content\/uploads\/sites\/2\/2015\/01\/MG_9048.jpg\" rel=\"lightbox[812]\"><img loading=\"lazy\" decoding=\"async\" src=\"https:\/\/100mostow.pl\/en\/wp-content\/uploads\/sites\/2\/2015\/01\/MG_9048-100x100.jpg\" width=\"100\" height=\"100\" \/><\/a>\n                <\/dt><\/dl><dl class='gallery-item'>\n                <dt class='gallery-icon'>\n                    <a href=\"https:\/\/100mostow.pl\/en\/wp-content\/uploads\/sites\/2\/2015\/01\/MG_9051.jpg\" rel=\"lightbox[812]\"><img loading=\"lazy\" decoding=\"async\" src=\"https:\/\/100mostow.pl\/en\/wp-content\/uploads\/sites\/2\/2015\/01\/MG_9051-100x100.jpg\" width=\"100\" height=\"100\" \/><\/a>\n                <\/dt><\/dl><dl class='gallery-item'>\n                <dt class='gallery-icon'>\n                    <a href=\"https:\/\/100mostow.pl\/en\/wp-content\/uploads\/sites\/2\/2015\/01\/MG_9054.jpg\" rel=\"lightbox[812]\"><img loading=\"lazy\" decoding=\"async\" src=\"https:\/\/100mostow.pl\/en\/wp-content\/uploads\/sites\/2\/2015\/01\/MG_9054-100x100.jpg\" width=\"100\" height=\"100\" \/><\/a>\n                <\/dt><\/dl><dl class='gallery-item'>\n                <dt class='gallery-icon'>\n                    <a href=\"https:\/\/100mostow.pl\/en\/wp-content\/uploads\/sites\/2\/2015\/01\/MG_9096.jpg\" rel=\"lightbox[812]\"><img loading=\"lazy\" decoding=\"async\" src=\"https:\/\/100mostow.pl\/en\/wp-content\/uploads\/sites\/2\/2015\/01\/MG_9096-100x100.jpg\" width=\"100\" height=\"100\" \/><\/a>\n                <\/dt><\/dl><br style=\"clear: both\" \/><dl class='gallery-item'>\n                <dt class='gallery-icon'>\n                    <a href=\"https:\/\/100mostow.pl\/en\/wp-content\/uploads\/sites\/2\/2015\/01\/MG_9098.jpg\" rel=\"lightbox[812]\"><img loading=\"lazy\" decoding=\"async\" src=\"https:\/\/100mostow.pl\/en\/wp-content\/uploads\/sites\/2\/2015\/01\/MG_9098-100x100.jpg\" width=\"100\" height=\"100\" \/><\/a>\n                <\/dt><\/dl><dl class='gallery-item'>\n                <dt class='gallery-icon'>\n                    <a href=\"https:\/\/100mostow.pl\/en\/wp-content\/uploads\/sites\/2\/2015\/01\/MG_9100.jpg\" rel=\"lightbox[812]\"><img loading=\"lazy\" decoding=\"async\" src=\"https:\/\/100mostow.pl\/en\/wp-content\/uploads\/sites\/2\/2015\/01\/MG_9100-100x100.jpg\" width=\"100\" height=\"100\" \/><\/a>\n                <\/dt><\/dl>\n                <br style='clear: both;' \/>\n            <\/div>\n\n","protected":false},"excerpt":{"rendered":"<p>TAPROOM MENU CONCEPT MENU PATIO MENU &nbsp; &nbsp; Order via: https:\/\/www.sklep.100mostow.pl\/ or in Browar Stu Most\u00f3w Shop #d\u0142ugosza2 PIWNE MOSTY In the offer you will find dishes from the regular [&hellip;]<\/p>\n","protected":false},"author":1,"featured_media":0,"parent":0,"menu_order":0,"comment_status":"open","ping_status":"open","template":"","meta":{"footnotes":""},"class_list":["post-812","page","type-page","status-publish","hentry"],"yoast_head":"<!-- This site is optimized with the Yoast SEO plugin v27.4 - https:\/\/yoast.com\/product\/yoast-seo-wordpress\/ -->\n<title>Pub\/ Taproom - 100 Bridges Brewery<\/title>\n<meta name=\"robots\" content=\"index, follow, max-snippet:-1, max-image-preview:large, max-video-preview:-1\" \/>\n<link rel=\"canonical\" href=\"https:\/\/100mostow.pl\/en\/pub\/\" \/>\n<meta property=\"og:locale\" content=\"en_US\" \/>\n<meta property=\"og:type\" content=\"article\" \/>\n<meta property=\"og:title\" content=\"Pub\/ Taproom - 100 Bridges Brewery\" \/>\n<meta property=\"og:description\" content=\"TAPROOM MENU CONCEPT MENU PATIO MENU &nbsp; &nbsp; Order via: https:\/\/www.sklep.100mostow.pl\/ or in Browar Stu Most\u00f3w Shop #d\u0142ugosza2 PIWNE MOSTY In the offer you will find dishes from the regular [&hellip;]\" \/>\n<meta property=\"og:url\" content=\"https:\/\/100mostow.pl\/en\/pub\/\" \/>\n<meta property=\"og:site_name\" content=\"100 Bridges Brewery\" \/>\n<meta property=\"article:modified_time\" content=\"2025-06-25T12:43:53+00:00\" \/>\n<meta property=\"og:image\" content=\"https:\/\/100mostow.pl\/en\/wp-content\/uploads\/sites\/2\/2015\/01\/MG_9002-100x100.jpg\" \/>\n<meta name=\"twitter:label1\" content=\"Est. reading time\" \/>\n\t<meta name=\"twitter:data1\" content=\"3 minutes\" \/>\n<script type=\"application\/ld+json\" class=\"yoast-schema-graph\">{\"@context\":\"https:\\\/\\\/schema.org\",\"@graph\":[{\"@type\":\"WebPage\",\"@id\":\"https:\\\/\\\/100mostow.pl\\\/en\\\/pub\\\/\",\"url\":\"https:\\\/\\\/100mostow.pl\\\/en\\\/pub\\\/\",\"name\":\"Pub\\\/ Taproom - 100 Bridges Brewery\",\"isPartOf\":{\"@id\":\"http:\\\/\\\/100mostow.pl\\\/en\\\/#website\"},\"datePublished\":\"2015-01-20T13:43:26+00:00\",\"dateModified\":\"2025-06-25T12:43:53+00:00\",\"inLanguage\":\"en-US\",\"potentialAction\":[{\"@type\":\"ReadAction\",\"target\":[\"https:\\\/\\\/100mostow.pl\\\/en\\\/pub\\\/\"]}]},{\"@type\":\"WebSite\",\"@id\":\"http:\\\/\\\/100mostow.pl\\\/en\\\/#website\",\"url\":\"http:\\\/\\\/100mostow.pl\\\/en\\\/\",\"name\":\"100 Bridges Brewery\",\"description\":\"Kolejna witryna sieci \u201eNowy Browar we Wroc\u0142awiu\u201d\",\"potentialAction\":[{\"@type\":\"SearchAction\",\"target\":{\"@type\":\"EntryPoint\",\"urlTemplate\":\"http:\\\/\\\/100mostow.pl\\\/en\\\/?s={search_term_string}\"},\"query-input\":{\"@type\":\"PropertyValueSpecification\",\"valueRequired\":true,\"valueName\":\"search_term_string\"}}],\"inLanguage\":\"en-US\"}]}<\/script>\n<!-- \/ Yoast SEO plugin. -->","yoast_head_json":{"title":"Pub\/ Taproom - 100 Bridges Brewery","robots":{"index":"index","follow":"follow","max-snippet":"max-snippet:-1","max-image-preview":"max-image-preview:large","max-video-preview":"max-video-preview:-1"},"canonical":"https:\/\/100mostow.pl\/en\/pub\/","og_locale":"en_US","og_type":"article","og_title":"Pub\/ Taproom - 100 Bridges Brewery","og_description":"TAPROOM MENU CONCEPT MENU PATIO MENU &nbsp; &nbsp; Order via: https:\/\/www.sklep.100mostow.pl\/ or in Browar Stu Most\u00f3w Shop #d\u0142ugosza2 PIWNE MOSTY In the offer you will find dishes from the regular [&hellip;]","og_url":"https:\/\/100mostow.pl\/en\/pub\/","og_site_name":"100 Bridges Brewery","article_modified_time":"2025-06-25T12:43:53+00:00","og_image":[{"url":"https:\/\/100mostow.pl\/en\/wp-content\/uploads\/sites\/2\/2015\/01\/MG_9002-100x100.jpg","type":"","width":"","height":""}],"twitter_misc":{"Est. reading time":"3 minutes"},"schema":{"@context":"https:\/\/schema.org","@graph":[{"@type":"WebPage","@id":"https:\/\/100mostow.pl\/en\/pub\/","url":"https:\/\/100mostow.pl\/en\/pub\/","name":"Pub\/ Taproom - 100 Bridges Brewery","isPartOf":{"@id":"http:\/\/100mostow.pl\/en\/#website"},"datePublished":"2015-01-20T13:43:26+00:00","dateModified":"2025-06-25T12:43:53+00:00","inLanguage":"en-US","potentialAction":[{"@type":"ReadAction","target":["https:\/\/100mostow.pl\/en\/pub\/"]}]},{"@type":"WebSite","@id":"http:\/\/100mostow.pl\/en\/#website","url":"http:\/\/100mostow.pl\/en\/","name":"100 Bridges Brewery","description":"Kolejna witryna sieci \u201eNowy Browar we Wroc\u0142awiu\u201d","potentialAction":[{"@type":"SearchAction","target":{"@type":"EntryPoint","urlTemplate":"http:\/\/100mostow.pl\/en\/?s={search_term_string}"},"query-input":{"@type":"PropertyValueSpecification","valueRequired":true,"valueName":"search_term_string"}}],"inLanguage":"en-US"}]}},"_links":{"self":[{"href":"https:\/\/100mostow.pl\/en\/wp-json\/wp\/v2\/pages\/812","targetHints":{"allow":["GET"]}}],"collection":[{"href":"https:\/\/100mostow.pl\/en\/wp-json\/wp\/v2\/pages"}],"about":[{"href":"https:\/\/100mostow.pl\/en\/wp-json\/wp\/v2\/types\/page"}],"author":[{"embeddable":true,"href":"https:\/\/100mostow.pl\/en\/wp-json\/wp\/v2\/users\/1"}],"replies":[{"embeddable":true,"href":"https:\/\/100mostow.pl\/en\/wp-json\/wp\/v2\/comments?post=812"}],"version-history":[{"count":141,"href":"https:\/\/100mostow.pl\/en\/wp-json\/wp\/v2\/pages\/812\/revisions"}],"predecessor-version":[{"id":7165,"href":"https:\/\/100mostow.pl\/en\/wp-json\/wp\/v2\/pages\/812\/revisions\/7165"}],"wp:attachment":[{"href":"https:\/\/100mostow.pl\/en\/wp-json\/wp\/v2\/media?parent=812"}],"curies":[{"name":"wp","href":"https:\/\/api.w.org\/{rel}","templated":true}]}}