{"id":2950,"date":"2017-12-29T17:36:14","date_gmt":"2017-12-29T16:36:14","guid":{"rendered":"http:\/\/100mostow.pl\/en\/?page_id=2950"},"modified":"2017-12-29T17:44:06","modified_gmt":"2017-12-29T16:44:06","slug":"the-bavarian-beer-bridge","status":"publish","type":"page","link":"https:\/\/100mostow.pl\/en\/the-bavarian-beer-bridge\/","title":{"rendered":"The Bavarian Beer Bridge"},"content":{"rendered":"            <\/div>\n        <\/section>\n    <\/div>\n\n    <div class=\"page-separator\" style=\"background-image: url('https:\/\/100mostow.pl\/en\/wp-content\/uploads\/sites\/2\/2017\/12\/pmbavaria2-1361x300-1361x300.jpg');\"><\/div>\n\n    <div class=\"wrapper\">\n        <section class=\"main\">\n            <section class=\"page-gallery\">\n                \n                \n            <\/section>\n            <div class=\"clearfix\"><\/div>\n            <div class=\"content\">\n<p>&nbsp;<\/p>\n<p>&nbsp;<\/p>\n<p>Our collaboration with the Bavarian Brewery started four years ago (2014). We have brewed three beers together, including two brewed in WRCLW. We do our best to take what\u2019s best from every brewing school. The Bavarian brewing school is well known for its traditions and excellent beers. Their world famous order in production is a great foundation to carry out beer experiments. To brew new-wave beers, one needs to go back to one\u2019s roots and know them well. This is the philosophy of our brewers. We enjoy staying in touch. As part of the Beer Bridge we have access to their wonderful beers brewed in Truchtlaching.<\/p>\n<p>&nbsp;<\/p>\n<table style=\"width: 700px; height: 200px;\" cellspacing=\"5\" cellpadding=\"5\">\n<tbody>\n<tr>\n<td><img fetchpriority=\"high\" decoding=\"async\" class=\"aligncenter wp-image-6685 size-full\" src=\"https:\/\/100mostow.pl\/wp-content\/uploads\/2017\/12\/pmbawariabut.png\" alt=\"\" width=\"184\" height=\"397\" \/><\/td>\n<td><\/td>\n<td>\n<h3><\/h3>\n<h3>Camba Bavaria Black Shark 8,5%<\/h3>\n<p>One of the most highly rated beers of Camba Bavaria, a winner of numerous medals awarded at Meiningers International Craft Beer Award. The Bavarian Black IPA with beautiful brown foam and a strong bitter finish. There is chocolate, cereal coffee, and resinous aromas. The flavour includes bitterness produced by hops and balanced with malts, as well as dry fruit. Available in a bottle.<\/td>\n<\/tr>\n<tr>\n<td><\/td>\n<td><\/td>\n<td><\/td>\n<\/tr>\n<\/tbody>\n<\/table>\n<p>&nbsp;<\/p>\n<p><img decoding=\"async\" class=\"aligncenter wp-image-6687 size-large\" src=\"https:\/\/100mostow.pl\/wp-content\/uploads\/2017\/12\/pmbavawra-1024x446.jpg\" alt=\"\" width=\"1024\" height=\"446\" \/><\/p>\n<p>&nbsp;<\/p>\n<p>It all started with brewing ART#1 Doppel Weizenbock German IPA, an unusual combination of two, apparently incompatible, styles. The effect has been so spectacular that the beer has earned the status of an icon. It was the first international collaboration for Camba. Here is the coverage \u2013\u00a0<a href=\"https:\/\/youtu.be\/seWpNGiMoYU\" target=\"_blank\" rel=\"noopener noreferrer\">https:\/\/youtu.be\/seWpNGiMoYU<\/a>\u00a0We continued our cooperation with ART#7 German Red IPL. We wanted to show different effects that nearly identical hopping brings about in strong, red lager. Another collaborative brew was Hellertauer IPL. The idea was to present Helles Bock in a refreshed craft version with new-wave hops from the Hallertau region..<\/p>\n<p>It was in Bavaria that we brewed outside Wroc\u0142aw for the first time! We\u2019ve been invited by Camba Bavaria to the world\u2019s biggest hop growing region. Our visit has sparked off a debate about the freedom of brewing that Polish breweries enjoy. Contrary to Poland where there are no limits as to beer brewing, Bavaria faces the challenges of the 500-year- old Beer Purity Law, which bans using other spices than hops. It was introduced to ensure the quality of German beer. The meeting has inspired us to explore the topic of our competencies and developing hop fields in Poland. This is the reason why our collaborative brew made its debut at the Lublin Craft Beer Expo. (2016).<\/p>\n<p>The collaborative brewing has been used as a pretext to remind the world that the first records of growing and drying hops in Poland go back 750 years to the reign of Henry III, Duke of Wroc\u0142aw. It goes to show that hops were used in Poland much earlier than in any other countries of Western Europe. Heller Bock opened up an opportunity to promote new-wave hop varieties, Huell Melon and Blanc, in Poland. We cooperate with the mission to bring forces together and promote alternatives to commercial production. We are looking for opportunities to build what we call \u201cbeer culture.\u2019 Camba and Christian Nuber were special guests of the 2017 Oktoberfest Alternative (2017). The event promotes traditions of Oktoberfest that used t be organized in Wroc\u0142aw at the end of the 19 th and beginning of the 20 th century. We served beers brewed in Bavaria and Wroc\u0142aw. The menu recreated by our chefs on the basis of a menu from 1924 Oktoberfest was a real attraction (Schweinernes, Wei\u00dfw\u00fcrste, Haxen, Hend\u2019l vom Rost, N\u00fcrnberger Bratw\u00fcrstel, Leberkn\u00f6del and Kalbskopfe).<\/p>\n<p>&nbsp;<\/p>\n\n            <style type='text\/css'>\n                #gallery-1 {\n                    margin: auto;\n                }\n                #gallery-1 .gallery-item {\n                    float: left;\n                    margin-top: 5px;\n                    text-align: center;\n                    width: 110px;           }\n                #gallery-1 img {\n                    border: 2px solid #cfcfcf;\n                }\n                #gallery-1 .gallery-caption {\n                    margin-left: 0;\n                }\n            <\/style>\n            <!-- see gallery_shortcode() in wp-includes\/media.php -->\n            <div id='gallery-1' class='gallery galleryid-2950'><dl class='gallery-item'>\n                <dt class='gallery-icon'>\n                    <a href='https:\/\/100mostow.pl\/en\/2021\/08\/23\/exceeding-and-revolving-our-new-beers\/19-08-2021-cp-820x312\/'><img decoding=\"async\" width=\"100\" height=\"100\" src=\"https:\/\/100mostow.pl\/en\/wp-content\/uploads\/sites\/2\/2021\/08\/19-08-2021-CP-820x312-1-100x100.jpg\" class=\"attachment-thumbnail size-thumbnail\" alt=\"\" srcset=\"https:\/\/100mostow.pl\/en\/wp-content\/uploads\/sites\/2\/2021\/08\/19-08-2021-CP-820x312-1-100x100.jpg 100w, https:\/\/100mostow.pl\/en\/wp-content\/uploads\/sites\/2\/2021\/08\/19-08-2021-CP-820x312-1-300x300.jpg 300w, https:\/\/100mostow.pl\/en\/wp-content\/uploads\/sites\/2\/2021\/08\/19-08-2021-CP-820x312-1-220x220.jpg 220w\" sizes=\"(max-width: 100px) 100vw, 100px\" \/><\/a>\n                <\/dt><\/dl><dl class='gallery-item'>\n                <dt class='gallery-icon'>\n                    <a href='https:\/\/100mostow.pl\/en\/specials\/19-08-2021-render-maly\/'><img loading=\"lazy\" decoding=\"async\" width=\"100\" height=\"100\" src=\"https:\/\/100mostow.pl\/en\/wp-content\/uploads\/sites\/2\/2021\/08\/19-08-2021-render-maly-100x100.jpg\" class=\"attachment-thumbnail size-thumbnail\" alt=\"\" srcset=\"https:\/\/100mostow.pl\/en\/wp-content\/uploads\/sites\/2\/2021\/08\/19-08-2021-render-maly-100x100.jpg 100w, https:\/\/100mostow.pl\/en\/wp-content\/uploads\/sites\/2\/2021\/08\/19-08-2021-render-maly-150x150.jpg 150w\" sizes=\"(max-width: 100px) 100vw, 100px\" \/><\/a>\n                <\/dt><\/dl><dl class='gallery-item'>\n                <dt class='gallery-icon'>\n                    <a href='https:\/\/100mostow.pl\/en\/specials\/19-08-2021-render-maly-copy\/'><img loading=\"lazy\" decoding=\"async\" width=\"100\" height=\"100\" src=\"https:\/\/100mostow.pl\/en\/wp-content\/uploads\/sites\/2\/2021\/08\/19-08-2021-render-maly-copy-100x100.png\" class=\"attachment-thumbnail size-thumbnail\" alt=\"\" srcset=\"https:\/\/100mostow.pl\/en\/wp-content\/uploads\/sites\/2\/2021\/08\/19-08-2021-render-maly-copy-100x100.png 100w, https:\/\/100mostow.pl\/en\/wp-content\/uploads\/sites\/2\/2021\/08\/19-08-2021-render-maly-copy-150x150.png 150w\" sizes=\"(max-width: 100px) 100vw, 100px\" \/><\/a>\n                <\/dt><\/dl>\n                <br style='clear: both;' \/>\n            <\/div>\n\n<p>&nbsp;<\/p>\n<p>&nbsp;<\/p>\n<p><img loading=\"lazy\" decoding=\"async\" class=\"aligncenter size-full wp-image-6660\" src=\"https:\/\/100mostow.pl\/wp-content\/uploads\/2017\/12\/pmpanel.png\" alt=\"\" width=\"463\" height=\"45\" \/><\/p>\n<p>&nbsp;<\/p>\n<table style=\"width: 700px;\" cellspacing=\"5\" cellpadding=\"5\">\n<tbody>\n<tr>\n<td><a href=\"http:\/\/100mostow.pl\/en\/the-spanish-beer-bridge\/\"><img loading=\"lazy\" decoding=\"async\" class=\"aligncenter wp-image-6724 size-full\" src=\"https:\/\/100mostow.pl\/wp-content\/uploads\/2017\/12\/pmone.png\" alt=\"\" width=\"220\" height=\"220\" \/><\/a><\/td>\n<td><a href=\"http:\/\/100mostow.pl\/en\/the-bavarian-beer-bridge\/\"><img loading=\"lazy\" decoding=\"async\" class=\"aligncenter wp-image-6726 size-full\" src=\"https:\/\/100mostow.pl\/wp-content\/uploads\/2017\/12\/pmthree.png\" alt=\"\" width=\"220\" height=\"220\" \/><\/a><\/td>\n<td><a href=\"http:\/\/100mostow.pl\/en\/the-scandinavian-beer-bridge\/\"><img loading=\"lazy\" decoding=\"async\" class=\"aligncenter wp-image-6727 size-full\" src=\"https:\/\/100mostow.pl\/wp-content\/uploads\/2017\/12\/pmfour.png\" alt=\"\" width=\"220\" height=\"220\" \/><\/a><\/td>\n<td><a href=\"http:\/\/100mostow.pl\/en\/the-dutch-beer-bridge\/\"><img loading=\"lazy\" decoding=\"async\" class=\"aligncenter wp-image-6725 size-full\" src=\"https:\/\/100mostow.pl\/wp-content\/uploads\/2017\/12\/pmtwo.png\" alt=\"\" width=\"220\" height=\"220\" \/><\/a><\/td>\n<\/tr>\n<\/tbody>\n<\/table>\n<p>&nbsp;<\/p>\n","protected":false},"excerpt":{"rendered":"<p>&nbsp; &nbsp; Our collaboration with the Bavarian Brewery started four years ago (2014). We have brewed three beers together, including two brewed in WRCLW. We do our best to take [&hellip;]<\/p>\n","protected":false},"author":1,"featured_media":0,"parent":0,"menu_order":0,"comment_status":"closed","ping_status":"closed","template":"","meta":{"footnotes":""},"class_list":["post-2950","page","type-page","status-publish","hentry"],"yoast_head":"<!-- This site is optimized with the Yoast SEO plugin v27.5 - https:\/\/yoast.com\/product\/yoast-seo-wordpress\/ -->\n<title>The Bavarian Beer Bridge - 100 Bridges Brewery<\/title>\n<meta name=\"robots\" content=\"index, follow, max-snippet:-1, max-image-preview:large, max-video-preview:-1\" \/>\n<link rel=\"canonical\" href=\"http:\/\/100mostow.pl\/en\/the-bavarian-beer-bridge\/\" \/>\n<meta property=\"og:locale\" content=\"en_US\" \/>\n<meta property=\"og:type\" content=\"article\" \/>\n<meta property=\"og:title\" content=\"The Bavarian Beer Bridge - 100 Bridges Brewery\" \/>\n<meta property=\"og:description\" content=\"&nbsp; &nbsp; Our collaboration with the Bavarian Brewery started four years ago (2014). We have brewed three beers together, including two brewed in WRCLW. We do our best to take [&hellip;]\" \/>\n<meta property=\"og:url\" content=\"http:\/\/100mostow.pl\/en\/the-bavarian-beer-bridge\/\" \/>\n<meta property=\"og:site_name\" content=\"100 Bridges Brewery\" \/>\n<meta property=\"article:modified_time\" content=\"2017-12-29T16:44:06+00:00\" \/>\n<meta property=\"og:image\" content=\"http:\/\/100mostow.pl\/en\/wp-content\/uploads\/sites\/2\/2021\/08\/19-08-2021-CP-820x312-1-100x100.jpg\" \/>\n<meta name=\"twitter:label1\" content=\"Est. reading time\" \/>\n\t<meta name=\"twitter:data1\" content=\"3 minutes\" \/>\n<script type=\"application\/ld+json\" class=\"yoast-schema-graph\">{\"@context\":\"https:\\\/\\\/schema.org\",\"@graph\":[{\"@type\":\"WebPage\",\"@id\":\"http:\\\/\\\/100mostow.pl\\\/en\\\/the-bavarian-beer-bridge\\\/\",\"url\":\"http:\\\/\\\/100mostow.pl\\\/en\\\/the-bavarian-beer-bridge\\\/\",\"name\":\"The Bavarian Beer Bridge - 100 Bridges Brewery\",\"isPartOf\":{\"@id\":\"https:\\\/\\\/100mostow.pl\\\/en\\\/#website\"},\"primaryImageOfPage\":{\"@id\":\"http:\\\/\\\/100mostow.pl\\\/en\\\/the-bavarian-beer-bridge\\\/#primaryimage\"},\"image\":{\"@id\":\"http:\\\/\\\/100mostow.pl\\\/en\\\/the-bavarian-beer-bridge\\\/#primaryimage\"},\"thumbnailUrl\":\"https:\\\/\\\/100mostow.pl\\\/wp-content\\\/uploads\\\/2017\\\/12\\\/pmbawariabut.png\",\"datePublished\":\"2017-12-29T16:36:14+00:00\",\"dateModified\":\"2017-12-29T16:44:06+00:00\",\"inLanguage\":\"en-US\",\"potentialAction\":[{\"@type\":\"ReadAction\",\"target\":[\"http:\\\/\\\/100mostow.pl\\\/en\\\/the-bavarian-beer-bridge\\\/\"]}]},{\"@type\":\"ImageObject\",\"inLanguage\":\"en-US\",\"@id\":\"http:\\\/\\\/100mostow.pl\\\/en\\\/the-bavarian-beer-bridge\\\/#primaryimage\",\"url\":\"https:\\\/\\\/100mostow.pl\\\/wp-content\\\/uploads\\\/2017\\\/12\\\/pmbawariabut.png\",\"contentUrl\":\"https:\\\/\\\/100mostow.pl\\\/wp-content\\\/uploads\\\/2017\\\/12\\\/pmbawariabut.png\"},{\"@type\":\"WebSite\",\"@id\":\"https:\\\/\\\/100mostow.pl\\\/en\\\/#website\",\"url\":\"https:\\\/\\\/100mostow.pl\\\/en\\\/\",\"name\":\"100 Bridges Brewery\",\"description\":\"Kolejna witryna sieci \u201eNowy Browar we Wroc\u0142awiu\u201d\",\"potentialAction\":[{\"@type\":\"SearchAction\",\"target\":{\"@type\":\"EntryPoint\",\"urlTemplate\":\"https:\\\/\\\/100mostow.pl\\\/en\\\/?s={search_term_string}\"},\"query-input\":{\"@type\":\"PropertyValueSpecification\",\"valueRequired\":true,\"valueName\":\"search_term_string\"}}],\"inLanguage\":\"en-US\"}]}<\/script>\n<!-- \/ Yoast SEO plugin. -->","yoast_head_json":{"title":"The Bavarian Beer Bridge - 100 Bridges Brewery","robots":{"index":"index","follow":"follow","max-snippet":"max-snippet:-1","max-image-preview":"max-image-preview:large","max-video-preview":"max-video-preview:-1"},"canonical":"http:\/\/100mostow.pl\/en\/the-bavarian-beer-bridge\/","og_locale":"en_US","og_type":"article","og_title":"The Bavarian Beer Bridge - 100 Bridges Brewery","og_description":"&nbsp; &nbsp; Our collaboration with the Bavarian Brewery started four years ago (2014). We have brewed three beers together, including two brewed in WRCLW. We do our best to take [&hellip;]","og_url":"http:\/\/100mostow.pl\/en\/the-bavarian-beer-bridge\/","og_site_name":"100 Bridges Brewery","article_modified_time":"2017-12-29T16:44:06+00:00","og_image":[{"url":"http:\/\/100mostow.pl\/en\/wp-content\/uploads\/sites\/2\/2021\/08\/19-08-2021-CP-820x312-1-100x100.jpg","type":"","width":"","height":""}],"twitter_misc":{"Est. reading time":"3 minutes"},"schema":{"@context":"https:\/\/schema.org","@graph":[{"@type":"WebPage","@id":"http:\/\/100mostow.pl\/en\/the-bavarian-beer-bridge\/","url":"http:\/\/100mostow.pl\/en\/the-bavarian-beer-bridge\/","name":"The Bavarian Beer Bridge - 100 Bridges Brewery","isPartOf":{"@id":"https:\/\/100mostow.pl\/en\/#website"},"primaryImageOfPage":{"@id":"http:\/\/100mostow.pl\/en\/the-bavarian-beer-bridge\/#primaryimage"},"image":{"@id":"http:\/\/100mostow.pl\/en\/the-bavarian-beer-bridge\/#primaryimage"},"thumbnailUrl":"https:\/\/100mostow.pl\/wp-content\/uploads\/2017\/12\/pmbawariabut.png","datePublished":"2017-12-29T16:36:14+00:00","dateModified":"2017-12-29T16:44:06+00:00","inLanguage":"en-US","potentialAction":[{"@type":"ReadAction","target":["http:\/\/100mostow.pl\/en\/the-bavarian-beer-bridge\/"]}]},{"@type":"ImageObject","inLanguage":"en-US","@id":"http:\/\/100mostow.pl\/en\/the-bavarian-beer-bridge\/#primaryimage","url":"https:\/\/100mostow.pl\/wp-content\/uploads\/2017\/12\/pmbawariabut.png","contentUrl":"https:\/\/100mostow.pl\/wp-content\/uploads\/2017\/12\/pmbawariabut.png"},{"@type":"WebSite","@id":"https:\/\/100mostow.pl\/en\/#website","url":"https:\/\/100mostow.pl\/en\/","name":"100 Bridges Brewery","description":"Kolejna witryna sieci \u201eNowy Browar we Wroc\u0142awiu\u201d","potentialAction":[{"@type":"SearchAction","target":{"@type":"EntryPoint","urlTemplate":"https:\/\/100mostow.pl\/en\/?s={search_term_string}"},"query-input":{"@type":"PropertyValueSpecification","valueRequired":true,"valueName":"search_term_string"}}],"inLanguage":"en-US"}]}},"_links":{"self":[{"href":"https:\/\/100mostow.pl\/en\/wp-json\/wp\/v2\/pages\/2950","targetHints":{"allow":["GET"]}}],"collection":[{"href":"https:\/\/100mostow.pl\/en\/wp-json\/wp\/v2\/pages"}],"about":[{"href":"https:\/\/100mostow.pl\/en\/wp-json\/wp\/v2\/types\/page"}],"author":[{"embeddable":true,"href":"https:\/\/100mostow.pl\/en\/wp-json\/wp\/v2\/users\/1"}],"replies":[{"embeddable":true,"href":"https:\/\/100mostow.pl\/en\/wp-json\/wp\/v2\/comments?post=2950"}],"version-history":[{"count":8,"href":"https:\/\/100mostow.pl\/en\/wp-json\/wp\/v2\/pages\/2950\/revisions"}],"predecessor-version":[{"id":2971,"href":"https:\/\/100mostow.pl\/en\/wp-json\/wp\/v2\/pages\/2950\/revisions\/2971"}],"wp:attachment":[{"href":"https:\/\/100mostow.pl\/en\/wp-json\/wp\/v2\/media?parent=2950"}],"curies":[{"name":"wp","href":"https:\/\/api.w.org\/{rel}","templated":true}]}}