{"id":2212,"date":"2017-02-27T16:44:15","date_gmt":"2017-02-27T15:44:15","guid":{"rendered":"http:\/\/100mostow.pl\/en\/?page_id=2212"},"modified":"2017-02-27T16:44:15","modified_gmt":"2017-02-27T15:44:15","slug":"art-11","status":"publish","type":"page","link":"https:\/\/100mostow.pl\/en\/art-11\/","title":{"rendered":"ART 11"},"content":{"rendered":"<p>The first Polish-Spanish collaboration with the top Spanish brewery, Naparbier. You can tell their Spanish temperament not only by the beers they brew but also by the labels they create. Our friends from Pamplona and Barcelona love challenge! So this time it was a real one! We\u2019ve combined Polish specialties: cherry-wood smoked malts and wild cherries (grown on a large scale both in Poland and Spain) and full-bodied, classic wheat bock. The effect is astounding! Such beer is brewed once in a year. Double Cherry Rauchweizenbock \u2013 czyli moc wi\u015bni i dymu czere\u015bni w w\u0119dzonym ko\u017alaku pszenicznym!<\/p>\n<p>Double Cherry Rauchweizenbock stands for the powerful aroma of cherries and smoked wheat bock!<\/p>\n<p>&nbsp;<\/p>\n<table style=\"height: 591px;\" width=\"475\" cellspacing=\"5\">\n<tbody>\n<tr>\n<td rowspan=\"2\"><a href=\"https:\/\/100mostow.pl\/wp-content\/uploads\/2017\/02\/naparbut.png\" rel=\"lightbox[2212]\"><img fetchpriority=\"high\" decoding=\"async\" class=\"aligncenter wp-image-5210 size-full\" src=\"https:\/\/100mostow.pl\/wp-content\/uploads\/2017\/02\/naparbut.png\" alt=\"\" width=\"184\" height=\"397\" \/><\/a><\/td>\n<td style=\"height: 150px; text-align: left; vertical-align: middle;\"><a href=\"https:\/\/100mostow.pl\/wp-content\/uploads\/2017\/02\/art11param.png\" rel=\"lightbox[2212]\"><img decoding=\"async\" class=\"aligncenter wp-image-5212 size-full\" src=\"https:\/\/100mostow.pl\/wp-content\/uploads\/2017\/02\/art11param.png\" alt=\"\" width=\"288\" height=\"201\" \/><\/a><\/td>\n<\/tr>\n<tr>\n<td style=\"vertical-align: top;\">\n<h3>ART.+11 Double Cherry Rauchweizenbock<\/h3>\n<p>Polish specialties: cherry-wood smoked malts and wild cherries (grown on a large scale both in Poland and Spain) in full-bodied, classic wheat bock. The effect is astounding! Such beer is brewed once in a year.<\/td>\n<\/tr>\n<\/tbody>\n<\/table>\n<p><strong>Style<\/strong><\/p>\n<p>Rauchweizenbock is a unique style of strong top-fermented wheat beer brewed from smoked malts. Weizenbock itself originated in the early 20th century as an equivalent to the lager bock, or bottom-fermented Kozel. With time, the style has been brewed with smoked malts.<\/p>\n<p>Rauchweizenbock is filled with aromas typical for wheat bock: melanoidin and bread, fruits (bananas, plums, raisins) and phenol (cloves and vanilla). What smoked malts add is a unique flavour depending on the smoked wood. The most commonly used are oak-smoked or beech- smoked malts, while other types of wood are a rarity.<\/p>\n<p>As for its flavour, it\u2019s a full-bodied bock with a thrifty portion of melanoidins, low in phenols and high in esters in the fruity form. At the finish, the beer is slightly acidic and intense, which contributes to higher drinkability of a strong, full-bodied beer. Hoppiness is nearly imperceptible. Long-aged versions of the beer may have traces of oxidation, so typical of sherry.<\/p>\n<p><strong>Malts\/extract:<\/strong><\/p>\n<p>The foundation of the beer is certainly wheat malt balanced with cherry-smoked barley malt. Cherry-smoked malts produce astounding effects and multilayered aromas: beginning with smoked goat cheese, through bonfire and fruits, to dry-fruit compote. Add to it plenty of Munich, melanoidin and caramel malts mashed in a classic decoction method and a full- bodied wheat bock is brewed.<\/p>\n<p><strong>Hops:<\/strong><\/p>\n<p>Hoppiness is nearly imperceptible in this style. Thanks to traditional German hops of low bitterness levels, the beer maintains its clear malty profile.<\/p>\n<p><strong>Extra ingredients:<\/strong><\/p>\n<p>The full-bodied flavours of this style may be quite demanding at times. For this reason, we\u2019ve added cherry puree, which has enriched the beer\u2019s profile. The slightly harsh tasting of cherries plays an important role in rounding the taste. By topping it off with slight acidity, cherries invite to take one more sip.<\/p>\n<p>&nbsp;<\/p>\n<ul>\n<li>Style:\u00a0Fruit (cherry) Rauchweizenbock<\/li>\n<li>Parameters:\n<ul>\n<li>Ekstrakt: 18,5%<\/li>\n<li>Alcohol: 6,5% obj.<\/li>\n<li>IBU: 20<\/li>\n<\/ul>\n<\/li>\n<li>Ingredients:\n<ul>\n<li>malts: barley: cherry-wood smoked, Munich, melanoidin; caramel 100-130 EBC; Pilsner; caramel 40-60 EBC; wheat malt; chocolate wheat malt<\/li>\n<li>Hops:\n<ul>\n<li>Bitter:\u00a0Magnum (DE)<\/li>\n<li>Aromatic:\u00a0Tettnanger (DE)<\/li>\n<\/ul>\n<\/li>\n<li>Yeast:\u00a0Mauribrew Weiss<\/li>\n<li>Extra Ingredients:\u00a0cherry puree<\/li>\n<\/ul>\n<\/li>\n<li>Look: dark red;<\/li>\n<li>Aromas: smoked cheese, slight ash flavour and dry-fruit compote; cherries, wild-cherries; bananas; cloves; peaches; cereal; vanilla<\/li>\n<li>Mouthfeel:\n<ul>\n<li>malty; cereal<\/li>\n<li>smoked,<\/li>\n<li>fruity; cherry acid<\/li>\n<\/ul>\n<\/li>\n<li>Serving temperature: 9-12\u2070C<\/li>\n<li>Glass:\u00a0Sniffter, Sensoric<\/li>\n<li>Foodpairing:-\n<ul>\n<li>Dishes: sea trout fried with cabbage; grilled turkey breast with<\/li>\n<li>Cheeses: smoked goat cheese; smoked<\/li>\n<li>Desserts: slightly acidic vanilla panna cotta with cherry-chocolate<\/li>\n<\/ul>\n<\/li>\n<\/ul>\n","protected":false},"excerpt":{"rendered":"<p>The first Polish-Spanish collaboration with the top Spanish brewery, Naparbier. You can tell their Spanish temperament not only by the beers they brew but also by the labels they create. [&hellip;]<\/p>\n","protected":false},"author":1,"featured_media":0,"parent":0,"menu_order":0,"comment_status":"open","ping_status":"open","template":"","meta":{"footnotes":""},"class_list":["post-2212","page","type-page","status-publish","hentry"],"yoast_head":"<!-- This site is optimized with the Yoast SEO plugin v27.5 - https:\/\/yoast.com\/product\/yoast-seo-wordpress\/ -->\n<title>ART 11  - 100 Bridges Brewery<\/title>\n<meta name=\"robots\" content=\"index, follow, max-snippet:-1, max-image-preview:large, max-video-preview:-1\" \/>\n<link rel=\"canonical\" href=\"http:\/\/100mostow.pl\/en\/art-11\/\" \/>\n<meta property=\"og:locale\" content=\"en_US\" \/>\n<meta property=\"og:type\" content=\"article\" \/>\n<meta property=\"og:title\" content=\"ART 11  - 100 Bridges Brewery\" \/>\n<meta property=\"og:description\" content=\"The first Polish-Spanish collaboration with the top Spanish brewery, Naparbier. You can tell their Spanish temperament not only by the beers they brew but also by the labels they create. [&hellip;]\" \/>\n<meta property=\"og:url\" content=\"http:\/\/100mostow.pl\/en\/art-11\/\" \/>\n<meta property=\"og:site_name\" content=\"100 Bridges Brewery\" \/>\n<meta property=\"og:image\" content=\"https:\/\/100mostow.pl\/wp-content\/uploads\/2017\/02\/naparbut.png\" \/>\n<meta name=\"twitter:label1\" content=\"Est. reading time\" \/>\n\t<meta name=\"twitter:data1\" content=\"3 minutes\" \/>\n<script type=\"application\/ld+json\" class=\"yoast-schema-graph\">{\"@context\":\"https:\\\/\\\/schema.org\",\"@graph\":[{\"@type\":\"WebPage\",\"@id\":\"http:\\\/\\\/100mostow.pl\\\/en\\\/art-11\\\/\",\"url\":\"http:\\\/\\\/100mostow.pl\\\/en\\\/art-11\\\/\",\"name\":\"ART 11 - 100 Bridges Brewery\",\"isPartOf\":{\"@id\":\"http:\\\/\\\/100mostow.pl\\\/en\\\/#website\"},\"primaryImageOfPage\":{\"@id\":\"http:\\\/\\\/100mostow.pl\\\/en\\\/art-11\\\/#primaryimage\"},\"image\":{\"@id\":\"http:\\\/\\\/100mostow.pl\\\/en\\\/art-11\\\/#primaryimage\"},\"thumbnailUrl\":\"https:\\\/\\\/100mostow.pl\\\/wp-content\\\/uploads\\\/2017\\\/02\\\/naparbut.png\",\"datePublished\":\"2017-02-27T15:44:15+00:00\",\"inLanguage\":\"en-US\",\"potentialAction\":[{\"@type\":\"ReadAction\",\"target\":[\"http:\\\/\\\/100mostow.pl\\\/en\\\/art-11\\\/\"]}]},{\"@type\":\"ImageObject\",\"inLanguage\":\"en-US\",\"@id\":\"http:\\\/\\\/100mostow.pl\\\/en\\\/art-11\\\/#primaryimage\",\"url\":\"https:\\\/\\\/100mostow.pl\\\/wp-content\\\/uploads\\\/2017\\\/02\\\/naparbut.png\",\"contentUrl\":\"https:\\\/\\\/100mostow.pl\\\/wp-content\\\/uploads\\\/2017\\\/02\\\/naparbut.png\"},{\"@type\":\"WebSite\",\"@id\":\"http:\\\/\\\/100mostow.pl\\\/en\\\/#website\",\"url\":\"http:\\\/\\\/100mostow.pl\\\/en\\\/\",\"name\":\"100 Bridges Brewery\",\"description\":\"Kolejna witryna sieci \u201eNowy Browar we Wroc\u0142awiu\u201d\",\"potentialAction\":[{\"@type\":\"SearchAction\",\"target\":{\"@type\":\"EntryPoint\",\"urlTemplate\":\"http:\\\/\\\/100mostow.pl\\\/en\\\/?s={search_term_string}\"},\"query-input\":{\"@type\":\"PropertyValueSpecification\",\"valueRequired\":true,\"valueName\":\"search_term_string\"}}],\"inLanguage\":\"en-US\"}]}<\/script>\n<!-- \/ Yoast SEO plugin. -->","yoast_head_json":{"title":"ART 11  - 100 Bridges Brewery","robots":{"index":"index","follow":"follow","max-snippet":"max-snippet:-1","max-image-preview":"max-image-preview:large","max-video-preview":"max-video-preview:-1"},"canonical":"http:\/\/100mostow.pl\/en\/art-11\/","og_locale":"en_US","og_type":"article","og_title":"ART 11  - 100 Bridges Brewery","og_description":"The first Polish-Spanish collaboration with the top Spanish brewery, Naparbier. You can tell their Spanish temperament not only by the beers they brew but also by the labels they create. [&hellip;]","og_url":"http:\/\/100mostow.pl\/en\/art-11\/","og_site_name":"100 Bridges Brewery","og_image":[{"url":"https:\/\/100mostow.pl\/wp-content\/uploads\/2017\/02\/naparbut.png","type":"","width":"","height":""}],"twitter_misc":{"Est. reading time":"3 minutes"},"schema":{"@context":"https:\/\/schema.org","@graph":[{"@type":"WebPage","@id":"http:\/\/100mostow.pl\/en\/art-11\/","url":"http:\/\/100mostow.pl\/en\/art-11\/","name":"ART 11 - 100 Bridges Brewery","isPartOf":{"@id":"http:\/\/100mostow.pl\/en\/#website"},"primaryImageOfPage":{"@id":"http:\/\/100mostow.pl\/en\/art-11\/#primaryimage"},"image":{"@id":"http:\/\/100mostow.pl\/en\/art-11\/#primaryimage"},"thumbnailUrl":"https:\/\/100mostow.pl\/wp-content\/uploads\/2017\/02\/naparbut.png","datePublished":"2017-02-27T15:44:15+00:00","inLanguage":"en-US","potentialAction":[{"@type":"ReadAction","target":["http:\/\/100mostow.pl\/en\/art-11\/"]}]},{"@type":"ImageObject","inLanguage":"en-US","@id":"http:\/\/100mostow.pl\/en\/art-11\/#primaryimage","url":"https:\/\/100mostow.pl\/wp-content\/uploads\/2017\/02\/naparbut.png","contentUrl":"https:\/\/100mostow.pl\/wp-content\/uploads\/2017\/02\/naparbut.png"},{"@type":"WebSite","@id":"http:\/\/100mostow.pl\/en\/#website","url":"http:\/\/100mostow.pl\/en\/","name":"100 Bridges Brewery","description":"Kolejna witryna sieci \u201eNowy Browar we Wroc\u0142awiu\u201d","potentialAction":[{"@type":"SearchAction","target":{"@type":"EntryPoint","urlTemplate":"http:\/\/100mostow.pl\/en\/?s={search_term_string}"},"query-input":{"@type":"PropertyValueSpecification","valueRequired":true,"valueName":"search_term_string"}}],"inLanguage":"en-US"}]}},"_links":{"self":[{"href":"https:\/\/100mostow.pl\/en\/wp-json\/wp\/v2\/pages\/2212","targetHints":{"allow":["GET"]}}],"collection":[{"href":"https:\/\/100mostow.pl\/en\/wp-json\/wp\/v2\/pages"}],"about":[{"href":"https:\/\/100mostow.pl\/en\/wp-json\/wp\/v2\/types\/page"}],"author":[{"embeddable":true,"href":"https:\/\/100mostow.pl\/en\/wp-json\/wp\/v2\/users\/1"}],"replies":[{"embeddable":true,"href":"https:\/\/100mostow.pl\/en\/wp-json\/wp\/v2\/comments?post=2212"}],"version-history":[{"count":11,"href":"https:\/\/100mostow.pl\/en\/wp-json\/wp\/v2\/pages\/2212\/revisions"}],"predecessor-version":[{"id":2223,"href":"https:\/\/100mostow.pl\/en\/wp-json\/wp\/v2\/pages\/2212\/revisions\/2223"}],"wp:attachment":[{"href":"https:\/\/100mostow.pl\/en\/wp-json\/wp\/v2\/media?parent=2212"}],"curies":[{"name":"wp","href":"https:\/\/api.w.org\/{rel}","templated":true}]}}