{"id":6050,"date":"2021-01-20T16:42:00","date_gmt":"2021-01-20T15:42:00","guid":{"rendered":"http:\/\/100mostow.pl\/en\/?page_id=6050"},"modified":"2021-01-25T15:25:14","modified_gmt":"2021-01-25T14:25:14","slug":"oak-aged-brown-ale","status":"publish","type":"page","link":"http:\/\/100mostow.pl\/en\/oak-aged-brown-ale\/","title":{"rendered":"Oak Aged Brown Ale"},"content":{"rendered":"<p><span data-contrast=\"auto\">Second<\/span><span data-contrast=\"auto\"> release of our 2021 seasonal beers. These releases are heavily inspired by the current season and weather, crafted to be you companion no matter if it is dark and cold winter evening or bright and warm midsummer afternoon. <\/span><span data-ccp-props=\"{&quot;201341983&quot;:0,&quot;335559739&quot;:160,&quot;335559740&quot;:259}\">\u00a0<\/span><\/p>\n<p><span data-contrast=\"auto\">Always in 0,44l cans and always fresh! These beers are brewed to celebrate \u201cnow\u201d and \u201chere\u201d and to be your session, everyday beer for a given time of the year. We keep the alcohol relatively session so you can enjoy a few cans on a normal Wednesday evening!<\/span><\/p>\n<p><span data-ccp-props=\"{&quot;201341983&quot;:0,&quot;335559739&quot;:160,&quot;335559740&quot;:259}\">This Brown Ale was b<\/span><span data-contrast=\"auto\">rewed with a mix of English and German special malts, low hopped and fermented with our house ale yeast strain. Short time conditioned with the addition of oak flakes and high quality Madagascar vanilla beans.<\/span><span data-ccp-props=\"{&quot;201341983&quot;:0,&quot;335559739&quot;:160,&quot;335559740&quot;:259}\">\u00a0<\/span><\/p>\n<p><span data-contrast=\"auto\">Deep brown with a beige, long lasting head and aromas of nuts and chocolate complemented with &#8220;just enough&#8221; oak tannins and<\/span><span data-contrast=\"auto\"> vanilla!<\/span><\/p>\n<p>&nbsp;<\/p>\n<table style=\"height: 553px;\" width=\"465\" cellspacing=\"5\">\n<tbody>\n<tr style=\"height: 150px;\">\n<td style=\"height: 314px; width: 32px;\" rowspan=\"2\"><img fetchpriority=\"high\" decoding=\"async\" class=\"alignnone size-full wp-image-12188\" src=\"https:\/\/100mostow.pl\/wp-content\/uploads\/2021\/01\/19-01-2021render-maly-copy.png\" alt=\"\" width=\"185\" height=\"398\" \/><\/td>\n<td style=\"height: 150px; vertical-align: middle; text-align: center; width: 602px;\"><img decoding=\"async\" class=\"alignnone size-full wp-image-12191\" src=\"https:\/\/100mostow.pl\/wp-content\/uploads\/2021\/01\/OABA.png\" alt=\"\" width=\"242\" height=\"139\" \/><\/td>\n<\/tr>\n<tr style=\"height: 237px;\">\n<td style=\"vertical-align: top; height: 164px; width: 602px;\">\n<h3><strong>Oak Aged Brown Ale<\/strong><\/h3>\n<p>Complex and malty <strong>Brown Ale<\/strong> aged in the presence of lots of oak flakes and filled with notes of biscuits, nuts and caramel complemented by a subtly oaky, vanilla aftertaste. Highly drinkable, full-bodied with a dark brown colour, beige head and low bitterness.<\/td>\n<\/tr>\n<\/tbody>\n<\/table>\n<p><strong>Style:<\/strong><\/p>\n<p><span class=\"TextRun SCXW129214604 BCX0\" lang=\"EN-US\" xml:lang=\"EN-US\" data-contrast=\"auto\"><span class=\"NormalTextRun SCXW129214604 BCX0\">A classic, low hopped, slightly malty and easy drinking dark pub ale. <\/span><\/span><span class=\"EOP SCXW129214604 BCX0\" data-ccp-props=\"{&quot;201341983&quot;:0,&quot;335559739&quot;:160,&quot;335559740&quot;:259}\">\u00a0<\/span><\/p>\n<p><strong>Malts\/extract:<\/strong><\/p>\n<p><span class=\"TextRun SCXW57167354 BCX0\" lang=\"EN-US\" xml:lang=\"EN-US\" data-contrast=\"auto\"><span class=\"NormalTextRun SCXW57167354 BCX0\">Brewed with a mix of English and German malts.<\/span><\/span><\/p>\n<p><strong>Hops:<\/strong><\/p>\n<p><span class=\"NormalTextRun BCX0 SCXW6015166\">Low hopped with some of our\u00a0<\/span><span class=\"SpellingError BCX0 SCXW6015166\">favourite<\/span><span class=\"NormalTextRun BCX0 SCXW6015166\"> classic American hops.<\/span><\/p>\n<ul>\n<li>Style: Brown Ale<\/li>\n<li>Parameters:\n<ul>\n<li>Extract: <span class=\"TextRun BCX0 SCXW224712107\" lang=\"EN-US\" xml:lang=\"EN-US\" data-contrast=\"auto\"><span class=\"NormalTextRun BCX0 SCXW224712107\">14<\/span><\/span><span class=\"TextRun BCX0 SCXW224712107\" lang=\"EN-US\" xml:lang=\"EN-US\" data-contrast=\"auto\"><span class=\"NormalTextRun BCX0 SCXW224712107\">,o<\/span><\/span><span class=\"TextRun BCX0 SCXW224712107\" lang=\"PL-PL\" xml:lang=\"PL-PL\" data-contrast=\"auto\"><span class=\"NormalTextRun BCX0 SCXW224712107\">\u00a0%<\/span><\/span><\/li>\n<li>Alcohol: 5<span class=\"TextRun BCX0 SCXW75759032\" lang=\"EN-US\" xml:lang=\"EN-US\" data-contrast=\"auto\"><span class=\"NormalTextRun BCX0 SCXW75759032\">,6<\/span><\/span><span class=\"TextRun BCX0 SCXW75759032\" lang=\"PL-PL\" xml:lang=\"PL-PL\" data-contrast=\"auto\"><span class=\"NormalTextRun BCX0 SCXW75759032\">\u00a0%<\/span><\/span><\/li>\n<li>IBU: 18<\/li>\n<\/ul>\n<\/li>\n<li>Ingredients:\n<ul>\n<li>Malts: <span class=\"TextRun BCX0 SCXW106166259\" lang=\"EN-US\" xml:lang=\"EN-US\" data-contrast=\"auto\"><span class=\"NormalTextRun BCX0 SCXW106166259\">English and Germans base malts and a bit of caramel malts<\/span><\/span><\/li>\n<li>Hops: <span class=\"TextRun SCXW91958463 BCX0\" lang=\"EN-US\" xml:lang=\"EN-US\" data-contrast=\"auto\"><span class=\"NormalTextRun SCXW91958463 BCX0\">Chinook, Centennial<\/span><\/span><\/li>\n<li>Yeasts: <span class=\"TextRun BCX0 SCXW146696014\" lang=\"EN-US\" xml:lang=\"EN-US\" data-contrast=\"auto\"><span class=\"NormalTextRun BCX0 SCXW146696014\">Expressive house ale yeast<\/span><\/span><\/li>\n<\/ul>\n<\/li>\n<li>Appearance: c<span class=\"TextRun SCXW748725 BCX0\" lang=\"EN-US\" xml:lang=\"EN-US\" data-contrast=\"auto\"><span class=\"NormalTextRun SCXW748725 BCX0\">lear, brown with a creamy tanned head.<\/span><\/span><\/li>\n<li>Aromas: n<span class=\"NormalTextRun BCX0 SCXW64213125\">uts, <\/span><span class=\"SpellingError BCX0 SCXW64213125\">vanilla,<\/span><span class=\"NormalTextRun BCX0 SCXW64213125\">\u00a0oak.<\/span><\/li>\n<li>Mouthfeel:\n<ul>\n<li><span class=\"TextRun SCXW223926051 BCX0\" lang=\"EN-US\" xml:lang=\"EN-US\" data-contrast=\"auto\"><span class=\"NormalTextRun SCXW223926051 BCX0\">Medium body, low carbonated, long lasting maltiness.<\/span><\/span><\/li>\n<\/ul>\n<\/li>\n<li>Serving temperature: 8-10\u2070C<\/li>\n<li>Glass: <span data-contrast=\"auto\">Stu\u00a0mostow\u00a00,5l Willi Becher<\/span><span data-ccp-props=\"{&quot;201341983&quot;:0,&quot;335559739&quot;:160,&quot;335559740&quot;:259}\">\u00a0<\/span><\/li>\n<li>Foodpairing:\n<ul>\n<li>Dishes: haggis, black pudding, beer pretzel with marmite<\/li>\n<li>Cheeses: goat&#8217;s and sheep&#8217;s cheese with the addition of nuts<\/li>\n<li>Desserts: tart with nuts and cr\u00e8me p\u00e2tissi\u00e8re<\/li>\n<\/ul>\n<\/li>\n<\/ul>\n","protected":false},"excerpt":{"rendered":"<p>Second release of our 2021 seasonal beers. These releases are heavily inspired by the current season and weather, crafted to be you companion no matter if it is dark and [&hellip;]<\/p>\n","protected":false},"author":151,"featured_media":0,"parent":0,"menu_order":0,"comment_status":"closed","ping_status":"closed","template":"","meta":{"footnotes":""},"class_list":["post-6050","page","type-page","status-publish","hentry"],"yoast_head":"<!-- This site is optimized with the Yoast SEO plugin v27.4 - https:\/\/yoast.com\/product\/yoast-seo-wordpress\/ -->\n<title>Oak Aged Brown Ale - 100 Bridges Brewery<\/title>\n<meta name=\"robots\" content=\"index, follow, max-snippet:-1, max-image-preview:large, max-video-preview:-1\" \/>\n<link rel=\"canonical\" href=\"https:\/\/100mostow.pl\/en\/oak-aged-brown-ale\/\" \/>\n<meta property=\"og:locale\" content=\"en_US\" \/>\n<meta property=\"og:type\" content=\"article\" \/>\n<meta property=\"og:title\" content=\"Oak Aged Brown Ale - 100 Bridges Brewery\" \/>\n<meta property=\"og:description\" content=\"Second release of our 2021 seasonal beers. These releases are heavily inspired by the current season and weather, crafted to be you companion no matter if it is dark and [&hellip;]\" \/>\n<meta property=\"og:url\" content=\"https:\/\/100mostow.pl\/en\/oak-aged-brown-ale\/\" \/>\n<meta property=\"og:site_name\" content=\"100 Bridges Brewery\" \/>\n<meta property=\"article:modified_time\" content=\"2021-01-25T14:25:14+00:00\" \/>\n<meta property=\"og:image\" content=\"https:\/\/100mostow.pl\/wp-content\/uploads\/2021\/01\/19-01-2021render-maly-copy.png\" \/>\n<meta name=\"twitter:label1\" content=\"Est. reading time\" \/>\n\t<meta name=\"twitter:data1\" content=\"2 minutes\" \/>\n<script type=\"application\/ld+json\" class=\"yoast-schema-graph\">{\"@context\":\"https:\\\/\\\/schema.org\",\"@graph\":[{\"@type\":\"WebPage\",\"@id\":\"https:\\\/\\\/100mostow.pl\\\/en\\\/oak-aged-brown-ale\\\/\",\"url\":\"https:\\\/\\\/100mostow.pl\\\/en\\\/oak-aged-brown-ale\\\/\",\"name\":\"Oak Aged Brown Ale - 100 Bridges Brewery\",\"isPartOf\":{\"@id\":\"http:\\\/\\\/100mostow.pl\\\/en\\\/#website\"},\"primaryImageOfPage\":{\"@id\":\"https:\\\/\\\/100mostow.pl\\\/en\\\/oak-aged-brown-ale\\\/#primaryimage\"},\"image\":{\"@id\":\"https:\\\/\\\/100mostow.pl\\\/en\\\/oak-aged-brown-ale\\\/#primaryimage\"},\"thumbnailUrl\":\"https:\\\/\\\/100mostow.pl\\\/wp-content\\\/uploads\\\/2021\\\/01\\\/19-01-2021render-maly-copy.png\",\"datePublished\":\"2021-01-20T15:42:00+00:00\",\"dateModified\":\"2021-01-25T14:25:14+00:00\",\"inLanguage\":\"en-US\",\"potentialAction\":[{\"@type\":\"ReadAction\",\"target\":[\"https:\\\/\\\/100mostow.pl\\\/en\\\/oak-aged-brown-ale\\\/\"]}]},{\"@type\":\"ImageObject\",\"inLanguage\":\"en-US\",\"@id\":\"https:\\\/\\\/100mostow.pl\\\/en\\\/oak-aged-brown-ale\\\/#primaryimage\",\"url\":\"https:\\\/\\\/100mostow.pl\\\/wp-content\\\/uploads\\\/2021\\\/01\\\/19-01-2021render-maly-copy.png\",\"contentUrl\":\"https:\\\/\\\/100mostow.pl\\\/wp-content\\\/uploads\\\/2021\\\/01\\\/19-01-2021render-maly-copy.png\"},{\"@type\":\"WebSite\",\"@id\":\"http:\\\/\\\/100mostow.pl\\\/en\\\/#website\",\"url\":\"http:\\\/\\\/100mostow.pl\\\/en\\\/\",\"name\":\"100 Bridges Brewery\",\"description\":\"Kolejna witryna sieci \u201eNowy Browar we Wroc\u0142awiu\u201d\",\"potentialAction\":[{\"@type\":\"SearchAction\",\"target\":{\"@type\":\"EntryPoint\",\"urlTemplate\":\"http:\\\/\\\/100mostow.pl\\\/en\\\/?s={search_term_string}\"},\"query-input\":{\"@type\":\"PropertyValueSpecification\",\"valueRequired\":true,\"valueName\":\"search_term_string\"}}],\"inLanguage\":\"en-US\"}]}<\/script>\n<!-- \/ Yoast SEO plugin. -->","yoast_head_json":{"title":"Oak Aged Brown Ale - 100 Bridges Brewery","robots":{"index":"index","follow":"follow","max-snippet":"max-snippet:-1","max-image-preview":"max-image-preview:large","max-video-preview":"max-video-preview:-1"},"canonical":"https:\/\/100mostow.pl\/en\/oak-aged-brown-ale\/","og_locale":"en_US","og_type":"article","og_title":"Oak Aged Brown Ale - 100 Bridges Brewery","og_description":"Second release of our 2021 seasonal beers. These releases are heavily inspired by the current season and weather, crafted to be you companion no matter if it is dark and [&hellip;]","og_url":"https:\/\/100mostow.pl\/en\/oak-aged-brown-ale\/","og_site_name":"100 Bridges Brewery","article_modified_time":"2021-01-25T14:25:14+00:00","og_image":[{"url":"https:\/\/100mostow.pl\/wp-content\/uploads\/2021\/01\/19-01-2021render-maly-copy.png","type":"","width":"","height":""}],"twitter_misc":{"Est. reading time":"2 minutes"},"schema":{"@context":"https:\/\/schema.org","@graph":[{"@type":"WebPage","@id":"https:\/\/100mostow.pl\/en\/oak-aged-brown-ale\/","url":"https:\/\/100mostow.pl\/en\/oak-aged-brown-ale\/","name":"Oak Aged Brown Ale - 100 Bridges Brewery","isPartOf":{"@id":"http:\/\/100mostow.pl\/en\/#website"},"primaryImageOfPage":{"@id":"https:\/\/100mostow.pl\/en\/oak-aged-brown-ale\/#primaryimage"},"image":{"@id":"https:\/\/100mostow.pl\/en\/oak-aged-brown-ale\/#primaryimage"},"thumbnailUrl":"https:\/\/100mostow.pl\/wp-content\/uploads\/2021\/01\/19-01-2021render-maly-copy.png","datePublished":"2021-01-20T15:42:00+00:00","dateModified":"2021-01-25T14:25:14+00:00","inLanguage":"en-US","potentialAction":[{"@type":"ReadAction","target":["https:\/\/100mostow.pl\/en\/oak-aged-brown-ale\/"]}]},{"@type":"ImageObject","inLanguage":"en-US","@id":"https:\/\/100mostow.pl\/en\/oak-aged-brown-ale\/#primaryimage","url":"https:\/\/100mostow.pl\/wp-content\/uploads\/2021\/01\/19-01-2021render-maly-copy.png","contentUrl":"https:\/\/100mostow.pl\/wp-content\/uploads\/2021\/01\/19-01-2021render-maly-copy.png"},{"@type":"WebSite","@id":"http:\/\/100mostow.pl\/en\/#website","url":"http:\/\/100mostow.pl\/en\/","name":"100 Bridges Brewery","description":"Kolejna witryna sieci \u201eNowy Browar we Wroc\u0142awiu\u201d","potentialAction":[{"@type":"SearchAction","target":{"@type":"EntryPoint","urlTemplate":"http:\/\/100mostow.pl\/en\/?s={search_term_string}"},"query-input":{"@type":"PropertyValueSpecification","valueRequired":true,"valueName":"search_term_string"}}],"inLanguage":"en-US"}]}},"_links":{"self":[{"href":"http:\/\/100mostow.pl\/en\/wp-json\/wp\/v2\/pages\/6050","targetHints":{"allow":["GET"]}}],"collection":[{"href":"http:\/\/100mostow.pl\/en\/wp-json\/wp\/v2\/pages"}],"about":[{"href":"http:\/\/100mostow.pl\/en\/wp-json\/wp\/v2\/types\/page"}],"author":[{"embeddable":true,"href":"http:\/\/100mostow.pl\/en\/wp-json\/wp\/v2\/users\/151"}],"replies":[{"embeddable":true,"href":"http:\/\/100mostow.pl\/en\/wp-json\/wp\/v2\/comments?post=6050"}],"version-history":[{"count":3,"href":"http:\/\/100mostow.pl\/en\/wp-json\/wp\/v2\/pages\/6050\/revisions"}],"predecessor-version":[{"id":6057,"href":"http:\/\/100mostow.pl\/en\/wp-json\/wp\/v2\/pages\/6050\/revisions\/6057"}],"wp:attachment":[{"href":"http:\/\/100mostow.pl\/en\/wp-json\/wp\/v2\/media?parent=6050"}],"curies":[{"name":"wp","href":"https:\/\/api.w.org\/{rel}","templated":true}]}}