{"id":4968,"date":"2020-04-22T09:43:56","date_gmt":"2020-04-22T07:43:56","guid":{"rendered":"http:\/\/100mostow.pl\/en\/?page_id=4968"},"modified":"2020-04-24T18:05:33","modified_gmt":"2020-04-24T16:05:33","slug":"the-salamander-brand","status":"publish","type":"page","link":"http:\/\/100mostow.pl\/en\/the-salamander-brand\/","title":{"rendered":"SALAMANDER BRAND"},"content":{"rendered":"<div id=\"vysledok\">\n<div id=\"vysledok_body\">\n<h4 class=\"bdr\"><strong>SALAMANDER brand &#8211; created to emphasize the value of meetings over beer! <\/strong><\/h4>\n<p class=\"bdr\">&#8220;Salamander&#8221; is a historical toasting ritual originated in old Wroclaw, which was a form of the highest recognition for one of the people at the table. By raising glasses, the company presented a symbolic evidence of loyalty to friendship. And although this custom is currently forgotten &#8211; the values \u200b\u200bit was honoring remain relevant to this day. The history of this toast became an inspiration for us when we created Browar Stu Most\u00f3w, and to commemorate it, we called SALAMANDER one of our beer brands!<\/p>\n<p class=\"bdr\">Now, during the rebranding, we are directly referring to the values \u200b\u200bthat it brings and shapes our thinking about the world &#8211; they will appear on the labels of SALAMANDER beers to inspire you during meetings and conversations over beer.<\/p>\n<\/div>\n<\/div>\n<div class=\"square-ads\">\n<div class=\"square-ad1\"><\/div>\n<\/div>\n<p><img fetchpriority=\"high\" decoding=\"async\" class=\"alignnone wp-image-10787 size-large\" src=\"https:\/\/100mostow.pl\/wp-content\/uploads\/2020\/04\/Artboard-24-1-1024x242.jpg\" alt=\"\" width=\"1024\" height=\"242\" \/><\/p>\n<h3><strong>&#8220;Salamander&#8221; &#8211; community and fire<\/strong><\/h3>\n<p>There are many theories of the origin and custom of Salamander toast. Some sources interpret it as a rite referring to the ancient ritual of offering alcohol sacrifices to the deities. There are also reports that indicate that close interpersonal ties, such as friendship, must have once passed the test of fire, and Salamander was his god. It was also believed that the salamander was born and lives on fire, which has cleansing role, and alcohol played such a role for a group of friends making this toast. Others, in turn, believe that the word Salamander refers to a combination of words (abbreviations), referring to the sense of community, a call to honor it.<\/p>\n<p><img decoding=\"async\" class=\"alignnone size-large wp-image-10866\" src=\"https:\/\/100mostow.pl\/wp-content\/uploads\/2020\/04\/Artboard-31-copy-31-1024x216.jpg\" alt=\"\" width=\"1024\" height=\"216\" \/><\/p>\n<h3><span style=\"color: #000000;\">Historic toast ritual\u00a0<\/span><\/h3>\n<p>&#8220;Salamander&#8221; is a beer custom cultivated and practiced to this day during solemn feasts in the circles of German student corporations. It was probably created in Wroc\u0142aw and Halle and spread in many academic centers in the first decades of the 19th century. The Salamander toast was coined as a form of honoring one of the people present at the table. During the toast no laudation was given (unless the honor was given to a deceased person). By fulfilling it, the company at the command raised from the seats, lifting the mugs and then drinking them in one breath, according to the given pace (counted from 1 to 3), after which the gathered people sat at the table again hitting and shuffling with the mugs.<\/p>\n<p><a href=\"https:\/\/100mostow.pl\/en\/wp-content\/uploads\/sites\/2\/2020\/04\/Artboard-29@2x-100.jpg\" rel=\"lightbox[4968]\"><img decoding=\"async\" class=\"alignnone size-large wp-image-5030\" src=\"https:\/\/100mostow.pl\/en\/wp-content\/uploads\/sites\/2\/2020\/04\/Artboard-29@2x-100-1024x216.jpg\" alt=\"\" width=\"1024\" height=\"216\" srcset=\"http:\/\/100mostow.pl\/en\/wp-content\/uploads\/sites\/2\/2020\/04\/Artboard-29@2x-100-1024x216.jpg 1024w, http:\/\/100mostow.pl\/en\/wp-content\/uploads\/sites\/2\/2020\/04\/Artboard-29@2x-100-420x89.jpg 420w, http:\/\/100mostow.pl\/en\/wp-content\/uploads\/sites\/2\/2020\/04\/Artboard-29@2x-100-768x162.jpg 768w, http:\/\/100mostow.pl\/en\/wp-content\/uploads\/sites\/2\/2020\/04\/Artboard-29@2x-100-600x127.jpg 600w, http:\/\/100mostow.pl\/en\/wp-content\/uploads\/sites\/2\/2020\/04\/Artboard-29@2x-100-1420x300.jpg 1420w\" sizes=\"(max-width: 1024px) 100vw, 1024px\" \/><\/a><\/p>\n<p>At that time, the honored person thanked for the toast and drank all of his mug. Finally, the song was chanted together. During the evening, Salamander was performed only once, which emphasized the importance of the honors thus shown. Initially, toast was served with vodka (brandy), but quite quickly, as in the 1830s, it changed in favor of beer.<\/p>\n<h3>Wroc\u0142aw &#8211; The capital of good values \u200b\u200band good beer<\/h3>\n<p>Beer has always seemed to be a permanent element of everyday life in Wroc\u0142aw, such a kind of social binder. Going out for a beer was frequent, regular, even ritual. At a time when the Salamander ritual was born &#8211; the number of breweries in the city exceeded a hundred. The number of seats with the outskirts was several hundred. Such places were the heart and soul of the academic life of Wroc\u0142aw. In them, academics gathered over beer to discuss and make friendships for life.<\/p>\n<p><a href=\"https:\/\/100mostow.pl\/en\/wp-content\/uploads\/sites\/2\/2020\/04\/Artboard-30@2x-100.jpg\" rel=\"lightbox[4968]\"><img loading=\"lazy\" decoding=\"async\" class=\"alignnone size-large wp-image-5029\" src=\"https:\/\/100mostow.pl\/en\/wp-content\/uploads\/sites\/2\/2020\/04\/Artboard-30@2x-100-1024x216.jpg\" alt=\"\" width=\"1024\" height=\"216\" srcset=\"http:\/\/100mostow.pl\/en\/wp-content\/uploads\/sites\/2\/2020\/04\/Artboard-30@2x-100-1024x216.jpg 1024w, http:\/\/100mostow.pl\/en\/wp-content\/uploads\/sites\/2\/2020\/04\/Artboard-30@2x-100-420x89.jpg 420w, http:\/\/100mostow.pl\/en\/wp-content\/uploads\/sites\/2\/2020\/04\/Artboard-30@2x-100-768x162.jpg 768w, http:\/\/100mostow.pl\/en\/wp-content\/uploads\/sites\/2\/2020\/04\/Artboard-30@2x-100-600x127.jpg 600w, http:\/\/100mostow.pl\/en\/wp-content\/uploads\/sites\/2\/2020\/04\/Artboard-30@2x-100-1420x300.jpg 1420w\" sizes=\"(max-width: 1024px) 100vw, 1024px\" \/><\/a><\/p>\n<p>Academic Corporations connected students from the same sides with similar ideals. Polish grew out of the Filomacki and Filarecki traditions, and their ideological foundation was: patriotism, friendship and self-education. Corporations had their different habits, identifiers, and mottoes. They gave opportunities to develop and make new friendships, avoided dull company and intellectual stagnation, many famous people and national heroes belonged to them. Germans who did not experience the apathy of the communist era recreated it efficiently. We are just in the process of appreciating the role of small homelands and communities.<\/p>\n<p>That is why we focused on a rich life around the brewery &#8211; in our Pub\/taproom and company store &#8211; Concept Stu Most\u00f3w at D\u0142ugosza 2 Street. We help organize many meetings, anniversaries and workshops. We initiate and support social campaigns throughout the city, and now, through the rebranding of the SALAMANDER brand, we add a narrative about values \u200b\u200bthat are the foundation of healthy and kind social relations that fit into the multicultural profile of Wroc\u0142aw. Among other things, this is how we understand building Beer Bridges, thanks to which people get to know each other.<\/p>\n<h3><a href=\"https:\/\/100mostow.pl\/en\/wp-content\/uploads\/sites\/2\/2020\/04\/Artboard-31@2x-100.jpg\" rel=\"lightbox[4968]\"><img loading=\"lazy\" decoding=\"async\" class=\"alignnone size-large wp-image-5028\" src=\"https:\/\/100mostow.pl\/en\/wp-content\/uploads\/sites\/2\/2020\/04\/Artboard-31@2x-100-1024x216.jpg\" alt=\"\" width=\"1024\" height=\"216\" srcset=\"http:\/\/100mostow.pl\/en\/wp-content\/uploads\/sites\/2\/2020\/04\/Artboard-31@2x-100-1024x216.jpg 1024w, http:\/\/100mostow.pl\/en\/wp-content\/uploads\/sites\/2\/2020\/04\/Artboard-31@2x-100-420x89.jpg 420w, http:\/\/100mostow.pl\/en\/wp-content\/uploads\/sites\/2\/2020\/04\/Artboard-31@2x-100-768x162.jpg 768w, http:\/\/100mostow.pl\/en\/wp-content\/uploads\/sites\/2\/2020\/04\/Artboard-31@2x-100-600x127.jpg 600w, http:\/\/100mostow.pl\/en\/wp-content\/uploads\/sites\/2\/2020\/04\/Artboard-31@2x-100-1420x300.jpg 1420w\" sizes=\"(max-width: 1024px) 100vw, 1024px\" \/><\/a><\/h3>\n<h3>SALAMANDER has spoken<\/h3>\n<p>As a craft brewery from Wroc\u0142aw, we feel empowered to show and strengthen what is most beautiful in our history and in relations between people &#8211; cultivating such values \u200b\u200bas openness, friendship and respect. SALAMANDER beers in the new graphic design seem to want to co-celebrate with you &#8211; meetings and conversations that broaden your horizons. To make our lives less hasty, devoid of tension, saturated with greater tolerance and understanding. It is impossible not to mention that the whole image of the new SALAMANDRA is complemented by its unique packaging, i.e. a CAN. You can read about how it shows an awareness and social responsibility in craft industry <a href=\"https:\/\/100mostow.pl\/en\/can\/\">here<\/a>. To make it easier for you to &#8220;break the ice&#8221;, ask important questions or simply get interested in the subject &#8211; on each beer label under the SALAMANDER brand you will find a QR code that will redirect you to the text on the topic of graphically expressed value and of course &#8211; a description of a specific style.<\/p>\n<p><strong>Let`s toast to the meeting, values \u200b\u200band friendship!<\/strong><\/p>\n<p><strong>SALAMANDER!<\/strong><\/p>\n<div><\/div>\n<div><a href=\"https:\/\/100mostow.pl\/en\/wp-content\/uploads\/sites\/2\/2020\/04\/Artboard-31-copy-7.jpg\" rel=\"lightbox[4968]\"><img loading=\"lazy\" decoding=\"async\" class=\"alignnone size-large wp-image-5001\" src=\"https:\/\/100mostow.pl\/en\/wp-content\/uploads\/sites\/2\/2020\/04\/Artboard-31-copy-7-1024x216.jpg\" alt=\"\" width=\"1024\" height=\"216\" srcset=\"http:\/\/100mostow.pl\/en\/wp-content\/uploads\/sites\/2\/2020\/04\/Artboard-31-copy-7-1024x216.jpg 1024w, http:\/\/100mostow.pl\/en\/wp-content\/uploads\/sites\/2\/2020\/04\/Artboard-31-copy-7-420x89.jpg 420w, http:\/\/100mostow.pl\/en\/wp-content\/uploads\/sites\/2\/2020\/04\/Artboard-31-copy-7-768x162.jpg 768w, http:\/\/100mostow.pl\/en\/wp-content\/uploads\/sites\/2\/2020\/04\/Artboard-31-copy-7-600x127.jpg 600w, http:\/\/100mostow.pl\/en\/wp-content\/uploads\/sites\/2\/2020\/04\/Artboard-31-copy-7-1420x300.jpg 1420w\" sizes=\"(max-width: 1024px) 100vw, 1024px\" \/><\/a><\/div>\n<h3>SALAMANDER brand beers<\/h3>\n<p>In the SALAMANDER brand you will find new wave beers and in most cases &#8211; intensively hopped with the most aromatic varieties, characterized by crisp, citrus notes. These beers have a clearly accented bitterness, which, despite their intense taste and aroma, are extremely balanced and drinkable.<\/p>\n<p>We present our beers through: <a href=\"https:\/\/100mostow.pl\/en\/salamander-beer\/\">https:\/\/100mostow.pl\/en\/salamander-beer\/<\/a><\/p>\n<p><img loading=\"lazy\" decoding=\"async\" class=\"alignnone size-large wp-image-10766\" src=\"https:\/\/100mostow.pl\/wp-content\/uploads\/2020\/04\/Artboard-31-copy-5-1024x216.jpg\" alt=\"\" width=\"1024\" height=\"216\" \/><\/p>\n<h3>Thank You!<\/h3>\n<ul>\n<li>We\u2019d like to thank Krzysztof Popi\u0144ski, PhD, Adjunct Instructor at the Department of Philosophy and Economic History, Faculty of Economic Sciences at Wroc\u0142aw University of Economics, for many inspirational meetings and for helping us in documenting the ritual of the Salamander toast. An expert in traditions of Wroc\u0142aw breweries from the turn of the 19th and 20th century, Popi\u0144ski is also the author of the above quoted publication on the 19th century students from the University of Wroc\u0142aw, and the co-author of the already legendary book: \u201cBeer in Wroc\u0142aw \u2013 from the Middle Ages to the Modern Times\u201d edited by Halina Ok\u00f3lska from the Historical Museum, a branch of the City Museum of Wroc\u0142aw.We\u2019d like to recommend an interview with Krzysztof Popi\u0144ski conducted by Beata Maciejewska:<a href=\"http:\/\/wroclaw.wyborcza.pl\/wroclaw\/1,35771,1163654.html#ixzz3v4J56Eek\" target=\"_blank\" rel=\"noopener noreferrer\">http:\/\/wroclaw.wyborcza.pl\/wroclaw\/1,35771,1163654.html#ixzz3v4J56Eek<\/a>Sources:\n<ul>\n<li>Friedrich Schulze, Paul Ssymank, Das deutsche Studententum von den \u00e4ltesten Zeiten bis zur Gegenwart, Leipzig 1910 p. 250, 445 \u2013 446.<\/li>\n<li>Edgar Hunger, Curt Meyer, Studentisches Brauchtum, Bonn u. Stuttgart 1958, p. 48 \u2013 51.<\/li>\n<li>Peter Krause, \u201cO alte Burschenherlichkeit\u201d. Die Studenten und ihr Brauchtum, Gratz 1975, p. 143 \u2013 144.<\/li>\n<li>Friedrich Kluge, Werner Rust, Deutsche Studentensprache, v. 2, red. Theodor H\u00f6lcke, Historia Academica, no. 24 \u2013 Schriftenreihe der Studentengeschichtlichen Verienigung des CC 1985, p. 151 \u2013 153.<\/li>\n<li>Krzysztof Popi\u0144ski, Borussia, Lusatia, Marcomania\u2026. The world of student university corporations, beer pubs and duels. Students of the University of Wroc\u0142aw 1871 \u2013 1921, Wroc\u0142aw 2002, p. 61.<\/li>\n<li>Toast Salamander \u2013\u00a0<a href=\"https:\/\/de.wikipedia.org\/wiki\/Salamander_(Ritual)\" target=\"_blank\" rel=\"noopener noreferrer\">https:\/\/de.wikipedia.org\/wiki\/Salamander_(Ritual)<\/a><\/li>\n<li>Student university corporations\u00a0\u2013\u00a0<a href=\"https:\/\/pl.wikipedia.org\/wiki\/Corps_(korporacja_akademicka)\" target=\"_blank\" rel=\"noopener noreferrer\">https:\/\/pl.wikipedia.org\/wiki\/Corps_(korporacja_akademicka)<\/a><\/li>\n<li>History of Wroc\u0142aw\u00a0\u2013<a href=\"http:\/\/www.wroclaw.pl\/historia-wroclawia\" target=\"_blank\" rel=\"noopener noreferrer\">\u00a0http:\/\/www.wroclaw.pl\/historia-wroclawia<\/a><\/li>\n<li>2nd edition of the Reunion of the Former Employees of Wroc\u0142aw Breweries \u2013\u00a0<a href=\"https:\/\/100mostow.pl\/blog\/2015\/03\/21\/rodzina-znowu-razem\/\">https:\/\/100mostow.pl\/blog\/2015\/03\/21\/rodzina-znowu-razem\/<\/a><\/li>\n<li>Wroc\u0142aw tastes \u2013 The differences between craft and commercial beer brewing. smakiwroclawia.pl\/video<a href=\"https:\/\/100mostow.pl\/blog\/2015\/03\/21\/rodzina-znowu-razem\/\"><br \/>\n<\/a>\u00a0\u2013\u00a0<a href=\"https:\/\/www.youtube.com\/watch?v=HTvldiEOUSs\" target=\"_blank\" rel=\"noopener noreferrer\">https:\/\/www.youtube.com\/watch?v=HTvldiEOUSs<\/a><\/li>\n<li>Meeting the German craft scene at the BGM3 \u2013\u00a0<a href=\"https:\/\/100mostow.pl\/blog\/2015\/09\/12\/beer-geek-madness-3\/\">https:\/\/100mostow.pl\/blog\/2015\/09\/12\/beer-geek-madness-3\/<\/a><\/li>\n<\/ul>\n<\/li>\n<\/ul>\n<p>&nbsp;<\/p>\n<p>&nbsp;<\/p>\n","protected":false},"excerpt":{"rendered":"<p>SALAMANDER brand &#8211; created to emphasize the value of meetings over beer! &#8220;Salamander&#8221; is a historical toasting ritual originated in old Wroclaw, which was a form of the highest recognition [&hellip;]<\/p>\n","protected":false},"author":151,"featured_media":0,"parent":0,"menu_order":0,"comment_status":"closed","ping_status":"closed","template":"","meta":{"footnotes":""},"class_list":["post-4968","page","type-page","status-publish","hentry"],"yoast_head":"<!-- This site is optimized with the Yoast SEO plugin v27.4 - https:\/\/yoast.com\/product\/yoast-seo-wordpress\/ -->\n<title>SALAMANDER BRAND - 100 Bridges Brewery<\/title>\n<meta name=\"robots\" content=\"index, follow, max-snippet:-1, max-image-preview:large, max-video-preview:-1\" \/>\n<link rel=\"canonical\" href=\"https:\/\/100mostow.pl\/en\/the-salamander-brand\/\" \/>\n<meta property=\"og:locale\" content=\"en_US\" \/>\n<meta property=\"og:type\" content=\"article\" \/>\n<meta property=\"og:title\" content=\"SALAMANDER BRAND - 100 Bridges Brewery\" \/>\n<meta property=\"og:description\" content=\"SALAMANDER brand &#8211; created to emphasize the value of meetings over beer! &#8220;Salamander&#8221; is a historical toasting ritual originated in old Wroclaw, which was a form of the highest recognition [&hellip;]\" \/>\n<meta property=\"og:url\" content=\"https:\/\/100mostow.pl\/en\/the-salamander-brand\/\" \/>\n<meta property=\"og:site_name\" content=\"100 Bridges Brewery\" \/>\n<meta property=\"article:modified_time\" content=\"2020-04-24T16:05:33+00:00\" \/>\n<meta property=\"og:image\" content=\"https:\/\/100mostow.pl\/wp-content\/uploads\/2020\/04\/Artboard-24-1-1024x242.jpg\" \/>\n<meta name=\"twitter:label1\" content=\"Est. reading time\" \/>\n\t<meta name=\"twitter:data1\" content=\"6 minutes\" \/>\n<script type=\"application\/ld+json\" class=\"yoast-schema-graph\">{\"@context\":\"https:\\\/\\\/schema.org\",\"@graph\":[{\"@type\":\"WebPage\",\"@id\":\"https:\\\/\\\/100mostow.pl\\\/en\\\/the-salamander-brand\\\/\",\"url\":\"https:\\\/\\\/100mostow.pl\\\/en\\\/the-salamander-brand\\\/\",\"name\":\"SALAMANDER BRAND - 100 Bridges Brewery\",\"isPartOf\":{\"@id\":\"https:\\\/\\\/100mostow.pl\\\/en\\\/#website\"},\"primaryImageOfPage\":{\"@id\":\"https:\\\/\\\/100mostow.pl\\\/en\\\/the-salamander-brand\\\/#primaryimage\"},\"image\":{\"@id\":\"https:\\\/\\\/100mostow.pl\\\/en\\\/the-salamander-brand\\\/#primaryimage\"},\"thumbnailUrl\":\"https:\\\/\\\/100mostow.pl\\\/wp-content\\\/uploads\\\/2020\\\/04\\\/Artboard-24-1-1024x242.jpg\",\"datePublished\":\"2020-04-22T07:43:56+00:00\",\"dateModified\":\"2020-04-24T16:05:33+00:00\",\"inLanguage\":\"en-US\",\"potentialAction\":[{\"@type\":\"ReadAction\",\"target\":[\"https:\\\/\\\/100mostow.pl\\\/en\\\/the-salamander-brand\\\/\"]}]},{\"@type\":\"ImageObject\",\"inLanguage\":\"en-US\",\"@id\":\"https:\\\/\\\/100mostow.pl\\\/en\\\/the-salamander-brand\\\/#primaryimage\",\"url\":\"https:\\\/\\\/100mostow.pl\\\/wp-content\\\/uploads\\\/2020\\\/04\\\/Artboard-24-1-1024x242.jpg\",\"contentUrl\":\"https:\\\/\\\/100mostow.pl\\\/wp-content\\\/uploads\\\/2020\\\/04\\\/Artboard-24-1-1024x242.jpg\"},{\"@type\":\"WebSite\",\"@id\":\"https:\\\/\\\/100mostow.pl\\\/en\\\/#website\",\"url\":\"https:\\\/\\\/100mostow.pl\\\/en\\\/\",\"name\":\"100 Bridges Brewery\",\"description\":\"Kolejna witryna sieci \u201eNowy Browar we Wroc\u0142awiu\u201d\",\"potentialAction\":[{\"@type\":\"SearchAction\",\"target\":{\"@type\":\"EntryPoint\",\"urlTemplate\":\"https:\\\/\\\/100mostow.pl\\\/en\\\/?s={search_term_string}\"},\"query-input\":{\"@type\":\"PropertyValueSpecification\",\"valueRequired\":true,\"valueName\":\"search_term_string\"}}],\"inLanguage\":\"en-US\"}]}<\/script>\n<!-- \/ Yoast SEO plugin. -->","yoast_head_json":{"title":"SALAMANDER BRAND - 100 Bridges Brewery","robots":{"index":"index","follow":"follow","max-snippet":"max-snippet:-1","max-image-preview":"max-image-preview:large","max-video-preview":"max-video-preview:-1"},"canonical":"https:\/\/100mostow.pl\/en\/the-salamander-brand\/","og_locale":"en_US","og_type":"article","og_title":"SALAMANDER BRAND - 100 Bridges Brewery","og_description":"SALAMANDER brand &#8211; created to emphasize the value of meetings over beer! &#8220;Salamander&#8221; is a historical toasting ritual originated in old Wroclaw, which was a form of the highest recognition [&hellip;]","og_url":"https:\/\/100mostow.pl\/en\/the-salamander-brand\/","og_site_name":"100 Bridges Brewery","article_modified_time":"2020-04-24T16:05:33+00:00","og_image":[{"url":"https:\/\/100mostow.pl\/wp-content\/uploads\/2020\/04\/Artboard-24-1-1024x242.jpg","type":"","width":"","height":""}],"twitter_misc":{"Est. reading time":"6 minutes"},"schema":{"@context":"https:\/\/schema.org","@graph":[{"@type":"WebPage","@id":"https:\/\/100mostow.pl\/en\/the-salamander-brand\/","url":"https:\/\/100mostow.pl\/en\/the-salamander-brand\/","name":"SALAMANDER BRAND - 100 Bridges Brewery","isPartOf":{"@id":"https:\/\/100mostow.pl\/en\/#website"},"primaryImageOfPage":{"@id":"https:\/\/100mostow.pl\/en\/the-salamander-brand\/#primaryimage"},"image":{"@id":"https:\/\/100mostow.pl\/en\/the-salamander-brand\/#primaryimage"},"thumbnailUrl":"https:\/\/100mostow.pl\/wp-content\/uploads\/2020\/04\/Artboard-24-1-1024x242.jpg","datePublished":"2020-04-22T07:43:56+00:00","dateModified":"2020-04-24T16:05:33+00:00","inLanguage":"en-US","potentialAction":[{"@type":"ReadAction","target":["https:\/\/100mostow.pl\/en\/the-salamander-brand\/"]}]},{"@type":"ImageObject","inLanguage":"en-US","@id":"https:\/\/100mostow.pl\/en\/the-salamander-brand\/#primaryimage","url":"https:\/\/100mostow.pl\/wp-content\/uploads\/2020\/04\/Artboard-24-1-1024x242.jpg","contentUrl":"https:\/\/100mostow.pl\/wp-content\/uploads\/2020\/04\/Artboard-24-1-1024x242.jpg"},{"@type":"WebSite","@id":"https:\/\/100mostow.pl\/en\/#website","url":"https:\/\/100mostow.pl\/en\/","name":"100 Bridges Brewery","description":"Kolejna witryna sieci \u201eNowy Browar we Wroc\u0142awiu\u201d","potentialAction":[{"@type":"SearchAction","target":{"@type":"EntryPoint","urlTemplate":"https:\/\/100mostow.pl\/en\/?s={search_term_string}"},"query-input":{"@type":"PropertyValueSpecification","valueRequired":true,"valueName":"search_term_string"}}],"inLanguage":"en-US"}]}},"_links":{"self":[{"href":"http:\/\/100mostow.pl\/en\/wp-json\/wp\/v2\/pages\/4968","targetHints":{"allow":["GET"]}}],"collection":[{"href":"http:\/\/100mostow.pl\/en\/wp-json\/wp\/v2\/pages"}],"about":[{"href":"http:\/\/100mostow.pl\/en\/wp-json\/wp\/v2\/types\/page"}],"author":[{"embeddable":true,"href":"http:\/\/100mostow.pl\/en\/wp-json\/wp\/v2\/users\/151"}],"replies":[{"embeddable":true,"href":"http:\/\/100mostow.pl\/en\/wp-json\/wp\/v2\/comments?post=4968"}],"version-history":[{"count":9,"href":"http:\/\/100mostow.pl\/en\/wp-json\/wp\/v2\/pages\/4968\/revisions"}],"predecessor-version":[{"id":5031,"href":"http:\/\/100mostow.pl\/en\/wp-json\/wp\/v2\/pages\/4968\/revisions\/5031"}],"wp:attachment":[{"href":"http:\/\/100mostow.pl\/en\/wp-json\/wp\/v2\/media?parent=4968"}],"curies":[{"name":"wp","href":"https:\/\/api.w.org\/{rel}","templated":true}]}}