{"id":1438,"date":"2016-01-11T15:00:34","date_gmt":"2016-01-11T14:00:34","guid":{"rendered":"http:\/\/100mostow.pl\/en\/?page_id=1438"},"modified":"2020-04-22T09:44:13","modified_gmt":"2020-04-22T07:44:13","slug":"salamander-brand","status":"publish","type":"page","link":"http:\/\/100mostow.pl\/en\/salamander-brand\/","title":{"rendered":"The SALAMANDER brand"},"content":{"rendered":"<p><strong>SALAMANDER\u00a0\u2013 the brand stands for the power of meeting over beer. It is the of friendship and respect. The name goes back to a tradition established in early 19th century in Wroc\u0142aw. Salamander is the alternative to mass beer, which, promoted in a childish manner, depreciates beer value.<\/strong><\/p>\n<p>SALAMANDER is a beer drinking tradition practised till this day among German student university corporations during various celebrations. The tradition goes back to the first decades of the 19th century when it was established, and then popularised, among student communities in Wroc\u0142aw and Halle.<\/p>\n<p><strong>The Salamander toast is a way of showing respect to one of the persons at a table. The ritual involved no words. The toast itself symbolized friendship and loyalty. In ancient times friendship went through the trial by fire, while Salamander was considered its god. It was believed that Salamander was born in fire, which in turn had a cleansing power. What alcohol symbolized was precisely that purgative force.<\/strong><\/p>\n<p>There are many interpretations of what Salamander is. On top of the described one, there is also the ritual of paying tribute to gods by means of alcohol. Some others believe that the word Salamander does not refer to any ancient creature but is a mere word play (abbreviations) that stands for the feeling of community and respect.<\/p>\n<p>This is what the historical ritual looked like: at the word of command, the guests stood up holding their beer jars and drank it to the bottom in one go at a given pace (countdown: 1 \u2013 2 \u2013 3). Next, they would sit down shuffling their jars against the table. The honoured person would then thank for the toast and drink their beer in one go as well. That was followed by everybody singing a traditional song together. During one gathering the Salamander toast would take place no more than once which made it even more special for the honoured person. Initially, the toast was proposed with a shot of vodka (brandy) but it was replaced with beer as early as in the 1830s.<\/p>\n<p>As craft brewery, we focus on what\u2019s most important in relationships: friendship and respect. Salamander also means positive attitude. There is no better way of getting to know each other than having a good beer together. The SALAMANDER brand celebrates quality meetings. It slows our life down, releases tensions and shows us how to be more open-minded.<\/p>\n<ul>\n<li>The SALAMANDER brand sponsors Saturday tours in Brewery. That\u2019s when we host groups of friends who enjoy a good chat and have fun.<\/li>\n<li>SALAMANDER Black IPA was brewed to honour the Wroc\u0142aw Beer Trail, which is one of the oldest events of its kind that brings together beer enthusiasts and multitap beer bars in Wroc\u0142aw.<\/li>\n<li>SALAMANDER Hoppy Violet Potato Lager was brewed to celebrate the 3rd edition of the Beer Geek Madness, which opened up the opportunity to get to know German craft scene as well as the German craft beer industry and its historical contribution to improving beer quality in WRCLW.<\/li>\n<\/ul>\n<p>Beer has always been part of everyday life, a sort of social bond. Meeting over beer used to be more than a get-together; it was a ritual. In the times when the Salamander toast was invented, i.e. the 1830s, there were over 100 breweries in Wroc\u0142aw. Such places were the heart and soul of the academic life. Students would meet over beer to lead heated debates and make long- lasting friendships.<\/p>\n<p>Student university corporations brought together students of similar backgrounds and mind- sets. Polish corporations had foundations in Philomat and Philaret organizations. The values included: patriotism, friendship and self-development. Corporations had their own rituals, badges and mottoes. As many renowned personalities and national heroes belonged to these organizations, they provided opportunities for intellectual growth and networking. What is more, they kept the youth out of trouble. In Germany such student corporations have been re-established whereas in Poland we\u2019re still in process of learning to appreciate the role of regional communities.<\/p>\n<p>This is the reason why we organize numerous events in the Brewery and the pub on D\u0142ugosza Street. We help in organizing meetings, reunions, anniversaries and birthdays. We encourage and promote many initiatives in Kar\u0142owice, Psie Pole, and WRCLW. We build beer bridges that allow people to get to know each other and exchange ideas.<\/p>\n<p>The beers brewed under the SALAMANDER brand are new wave beers as the brand\u2019s objective is to broaden our horizons and shape beer tastes.<\/p>\n<h3>SALAMANDER beers:<\/h3>\n<ul>\n<li>Salamander Pale Ale \u2013 12.5% extract, alc. 5.0% vol. \u2013 \u201cthe best brewpub beer in Poland\u201d<\/li>\n<li>Salamander AIPA \u2013 16.0% extract, alc. 6.8% vol. \u2013 \u201ctribute to the American hops\u201d; \u201ca complete revelation; that\u2019s what this style should be about\u201d<\/li>\n<li>Salamander Strong Witbier \u2013 16.0% extract, alc. 6.0% vol. \u2013 it earned the name of one of the leading wheat beers in Poland only a month after it made its debut<\/li>\n<li>Salamander American Wheat \u2013 11.5% extract, alc. 4.6% vol. \u2013 \u201cAmerican-style wheat\u201d<\/li>\n<li>Salamander Wheat Porter \u2013 13.0% extract, alc. 4.8% vol. \u2013 \u201cBritish porter redefined\u201d<\/li>\n<li>Salamander Black IPA \u2013 15.5% extract, alc. 6.8% vol. \u2013 brewed for the 3rd edition of the Wroc\u0142aw Beer Trail<\/li>\n<li>Salamander Hoppy Violet Potato Lager \u2013 12% and 5.3% \u2013 the essence of German brewing traditions in a craft version; the first in Poland winner of a medal at The 2015 Brussels Beer Challenge (11\/2015)<\/li>\n<\/ul>\n<p>We\u2019d like to thank Krzysztof Popi\u0144ski, PhD, Adjunct Instructor at the Department of Philosophy and Economic History, Faculty of Economic Sciences at Wroc\u0142aw University of Economics, for many inspirational meetings and for helping us in documenting the ritual of the Salamander toast. An expert in traditions of Wroc\u0142aw breweries from the turn of the 19th and 20th century, Popi\u0144ski is also the author of the above quoted publication on the 19th century students from the University of Wroc\u0142aw, and the co-author of the already legendary book: \u201cBeer in Wroc\u0142aw \u2013 from the Middle Ages to the Modern Times\u201d edited by Halina Ok\u00f3lska from the Historical Museum, a branch of the City Museum of Wroc\u0142aw.<\/p>\n<p>We\u2019d like to recommend an interview with Krzysztof Popi\u0144ski conducted by Beata Maciejewska:<\/p>\n<p><a href=\"http:\/\/wroclaw.wyborcza.pl\/wroclaw\/1,35771,1163654.html#ixzz3v4J56Eek\" target=\"_blank\" rel=\"noopener noreferrer\">http:\/\/wroclaw.wyborcza.pl\/wroclaw\/1,35771,1163654.html#ixzz3v4J56Eek<\/a><\/p>\n<p>Sources:<\/p>\n<ul>\n<li>Friedrich Schulze, Paul Ssymank, Das deutsche Studententum von den \u00e4ltesten Zeiten bis zur Gegenwart, Leipzig 1910 p. 250, 445 \u2013 446.<\/li>\n<li>Edgar Hunger, Curt Meyer, Studentisches Brauchtum, Bonn u. Stuttgart 1958, p. 48 \u2013 51.<\/li>\n<li>Peter Krause, \u201cO alte Burschenherlichkeit\u201d. Die Studenten und ihr Brauchtum, Gratz 1975, p. 143 \u2013 144.<\/li>\n<li>Friedrich Kluge, Werner Rust, Deutsche Studentensprache, v. 2, red. Theodor H\u00f6lcke, Historia Academica, no. 24 \u2013 Schriftenreihe der Studentengeschichtlichen Verienigung des CC 1985, p. 151 \u2013 153.<\/li>\n<li>Krzysztof Popi\u0144ski, Borussia, Lusatia, Marcomania\u2026. The world of student university corporations, beer pubs and duels. Students of the University of Wroc\u0142aw 1871 \u2013 1921, Wroc\u0142aw 2002, p. 61.<\/li>\n<li>Toast Salamander &#8211; <a href=\"https:\/\/de.wikipedia.org\/wiki\/Salamander_(Ritual)\" target=\"_blank\" rel=\"noopener noreferrer\">https:\/\/de.wikipedia.org\/wiki\/Salamander_(Ritual) <\/a><\/li>\n<li>Student university corporations\u00a0&#8211; <a href=\"https:\/\/pl.wikipedia.org\/wiki\/Corps_(korporacja_akademicka)\" target=\"_blank\" rel=\"noopener noreferrer\">https:\/\/pl.wikipedia.org\/wiki\/Corps_(korporacja_akademicka) <\/a><\/li>\n<li>History of Wroc\u0142aw\u00a0\u2013<a href=\"http:\/\/www.wroclaw.pl\/historia-wroclawia\" target=\"_blank\" rel=\"noopener noreferrer\"> http:\/\/www.wroclaw.pl\/historia-wroclawia <\/a><\/li>\n<li>2nd edition of the Reunion of the Former Employees of Wroc\u0142aw Breweries &#8211; <a href=\"https:\/\/100mostow.pl\/blog\/2015\/03\/21\/rodzina-znowu-razem\/\">https:\/\/100mostow.pl\/blog\/2015\/03\/21\/rodzina-znowu-razem\/<\/a><\/li>\n<li>Wroc\u0142aw tastes \u2013 The differences between craft and commercial beer brewing. smakiwroclawia.pl\/video<a href=\"https:\/\/100mostow.pl\/blog\/2015\/03\/21\/rodzina-znowu-razem\/\"><br \/>\n<\/a>\u00a0&#8211; <a href=\"https:\/\/www.youtube.com\/watch?v=HTvldiEOUSs\" target=\"_blank\" rel=\"noopener noreferrer\">https:\/\/www.youtube.com\/watch?v=HTvldiEOUSs <\/a><\/li>\n<li>Meeting the German craft scene at the BGM3 &#8211; <a href=\"https:\/\/100mostow.pl\/blog\/2015\/09\/12\/beer-geek-madness-3\/\">https:\/\/100mostow.pl\/blog\/2015\/09\/12\/beer-geek-madness-3\/<\/a><\/li>\n<\/ul>\n<p>&nbsp;<\/p>\n<p><iframe src=\"https:\/\/www.youtube.com\/embed\/jC6t9Ox6xRs\" width=\"560\" height=\"315\" frameborder=\"0\" allowfullscreen=\"allowfullscreen\"><\/iframe><\/p>\n<p>&nbsp;<\/p>\n<p>&nbsp;<\/p>\n<p>&nbsp;<\/p>\n<p>&nbsp;<\/p>\n","protected":false},"excerpt":{"rendered":"<p>SALAMANDER\u00a0\u2013 the brand stands for the power of meeting over beer. It is the of friendship and respect. The name goes back to a tradition established in early 19th century [&hellip;]<\/p>\n","protected":false},"author":1,"featured_media":0,"parent":0,"menu_order":0,"comment_status":"open","ping_status":"open","template":"","meta":{"footnotes":""},"class_list":["post-1438","page","type-page","status-publish","hentry"],"yoast_head":"<!-- This site is optimized with the Yoast SEO plugin v27.4 - https:\/\/yoast.com\/product\/yoast-seo-wordpress\/ -->\n<title>The SALAMANDER brand - 100 Bridges Brewery<\/title>\n<meta name=\"robots\" content=\"index, follow, max-snippet:-1, max-image-preview:large, max-video-preview:-1\" \/>\n<link rel=\"canonical\" href=\"https:\/\/100mostow.pl\/en\/salamander-brand\/\" \/>\n<meta property=\"og:locale\" content=\"en_US\" \/>\n<meta property=\"og:type\" content=\"article\" \/>\n<meta property=\"og:title\" content=\"The SALAMANDER brand - 100 Bridges Brewery\" \/>\n<meta property=\"og:description\" content=\"SALAMANDER\u00a0\u2013 the brand stands for the power of meeting over beer. It is the of friendship and respect. The name goes back to a tradition established in early 19th century [&hellip;]\" \/>\n<meta property=\"og:url\" content=\"https:\/\/100mostow.pl\/en\/salamander-brand\/\" \/>\n<meta property=\"og:site_name\" content=\"100 Bridges Brewery\" \/>\n<meta property=\"article:modified_time\" content=\"2020-04-22T07:44:13+00:00\" \/>\n<meta name=\"twitter:label1\" content=\"Est. reading time\" \/>\n\t<meta name=\"twitter:data1\" content=\"6 minutes\" \/>\n<script type=\"application\/ld+json\" class=\"yoast-schema-graph\">{\"@context\":\"https:\\\/\\\/schema.org\",\"@graph\":[{\"@type\":\"WebPage\",\"@id\":\"https:\\\/\\\/100mostow.pl\\\/en\\\/salamander-brand\\\/\",\"url\":\"https:\\\/\\\/100mostow.pl\\\/en\\\/salamander-brand\\\/\",\"name\":\"The SALAMANDER brand - 100 Bridges Brewery\",\"isPartOf\":{\"@id\":\"https:\\\/\\\/100mostow.pl\\\/en\\\/#website\"},\"datePublished\":\"2016-01-11T14:00:34+00:00\",\"dateModified\":\"2020-04-22T07:44:13+00:00\",\"inLanguage\":\"en-US\",\"potentialAction\":[{\"@type\":\"ReadAction\",\"target\":[\"https:\\\/\\\/100mostow.pl\\\/en\\\/salamander-brand\\\/\"]}]},{\"@type\":\"WebSite\",\"@id\":\"https:\\\/\\\/100mostow.pl\\\/en\\\/#website\",\"url\":\"https:\\\/\\\/100mostow.pl\\\/en\\\/\",\"name\":\"100 Bridges Brewery\",\"description\":\"Kolejna witryna sieci \u201eNowy Browar we Wroc\u0142awiu\u201d\",\"potentialAction\":[{\"@type\":\"SearchAction\",\"target\":{\"@type\":\"EntryPoint\",\"urlTemplate\":\"https:\\\/\\\/100mostow.pl\\\/en\\\/?s={search_term_string}\"},\"query-input\":{\"@type\":\"PropertyValueSpecification\",\"valueRequired\":true,\"valueName\":\"search_term_string\"}}],\"inLanguage\":\"en-US\"}]}<\/script>\n<!-- \/ Yoast SEO plugin. -->","yoast_head_json":{"title":"The SALAMANDER brand - 100 Bridges Brewery","robots":{"index":"index","follow":"follow","max-snippet":"max-snippet:-1","max-image-preview":"max-image-preview:large","max-video-preview":"max-video-preview:-1"},"canonical":"https:\/\/100mostow.pl\/en\/salamander-brand\/","og_locale":"en_US","og_type":"article","og_title":"The SALAMANDER brand - 100 Bridges Brewery","og_description":"SALAMANDER\u00a0\u2013 the brand stands for the power of meeting over beer. It is the of friendship and respect. The name goes back to a tradition established in early 19th century [&hellip;]","og_url":"https:\/\/100mostow.pl\/en\/salamander-brand\/","og_site_name":"100 Bridges Brewery","article_modified_time":"2020-04-22T07:44:13+00:00","twitter_misc":{"Est. reading time":"6 minutes"},"schema":{"@context":"https:\/\/schema.org","@graph":[{"@type":"WebPage","@id":"https:\/\/100mostow.pl\/en\/salamander-brand\/","url":"https:\/\/100mostow.pl\/en\/salamander-brand\/","name":"The SALAMANDER brand - 100 Bridges Brewery","isPartOf":{"@id":"https:\/\/100mostow.pl\/en\/#website"},"datePublished":"2016-01-11T14:00:34+00:00","dateModified":"2020-04-22T07:44:13+00:00","inLanguage":"en-US","potentialAction":[{"@type":"ReadAction","target":["https:\/\/100mostow.pl\/en\/salamander-brand\/"]}]},{"@type":"WebSite","@id":"https:\/\/100mostow.pl\/en\/#website","url":"https:\/\/100mostow.pl\/en\/","name":"100 Bridges Brewery","description":"Kolejna witryna sieci \u201eNowy Browar we Wroc\u0142awiu\u201d","potentialAction":[{"@type":"SearchAction","target":{"@type":"EntryPoint","urlTemplate":"https:\/\/100mostow.pl\/en\/?s={search_term_string}"},"query-input":{"@type":"PropertyValueSpecification","valueRequired":true,"valueName":"search_term_string"}}],"inLanguage":"en-US"}]}},"_links":{"self":[{"href":"http:\/\/100mostow.pl\/en\/wp-json\/wp\/v2\/pages\/1438","targetHints":{"allow":["GET"]}}],"collection":[{"href":"http:\/\/100mostow.pl\/en\/wp-json\/wp\/v2\/pages"}],"about":[{"href":"http:\/\/100mostow.pl\/en\/wp-json\/wp\/v2\/types\/page"}],"author":[{"embeddable":true,"href":"http:\/\/100mostow.pl\/en\/wp-json\/wp\/v2\/users\/1"}],"replies":[{"embeddable":true,"href":"http:\/\/100mostow.pl\/en\/wp-json\/wp\/v2\/comments?post=1438"}],"version-history":[{"count":14,"href":"http:\/\/100mostow.pl\/en\/wp-json\/wp\/v2\/pages\/1438\/revisions"}],"predecessor-version":[{"id":4974,"href":"http:\/\/100mostow.pl\/en\/wp-json\/wp\/v2\/pages\/1438\/revisions\/4974"}],"wp:attachment":[{"href":"http:\/\/100mostow.pl\/en\/wp-json\/wp\/v2\/media?parent=1438"}],"curies":[{"name":"wp","href":"https:\/\/api.w.org\/{rel}","templated":true}]}}